{"id":7,"date":"2015-05-03T14:17:23","date_gmt":"2015-05-03T14:17:23","guid":{"rendered":"http:\/\/ppg-foerderverein.de\/?page_id=7"},"modified":"2026-02-11T20:00:51","modified_gmt":"2026-02-11T20:00:51","slug":"der-verein","status":"publish","type":"page","link":"http:\/\/ppg-foerderverein.de\/?page_id=7","title":{"rendered":"Wer sind wir"},"content":{"rendered":"<h3><strong>Vereinigung der Freunde des Johanna-Geissmar-Gymnasiums e.V.<\/strong><\/h3>\n<p>Die Vereinigung der Freunde des Johanna-Geissmar-Gymnasiums e.V. ist der F\u00f6rderverein des Gymnasiums. Der Verein wurde durch Elterninitiative im Oktober 1974 gegr\u00fcndet, als das Gymnasium &#8211; bis 2014 Peter-Petersen-Gymnasium &#8211; gerade mal zwei Jahre alt war. In der Aufbauphase des jungen Gymnasiums im Norden Mannheims war das intensive Zusammenwirken von Schule und F\u00f6rderverein auf verschiedenen Ebenen von gr\u00f6\u00dfter Wichtigkeit und hat im hohen Ma\u00dfe dazu beigetragen, der Schule zu dem zu verhelfen, was sie heute darstellt. Durch sein soziales Engagement, seine geselligen und kulturellen Aktivit\u00e4ten ist der F\u00f6rderverein nach wie vor eine wichtige S\u00e4ule der Schulgemeinde. Die Geschichte der Schule ist eng verbunden mit der Geschichte des F\u00f6rdervereins.<\/p>\n<p>Die Vereinigung der Freunde des Johanna-Geissmar-Gymnasiums e.V. ist ein gemeinn\u00fctziger Verein mit \u00fcber 500 Mitgliedern, der sich vorwiegend aus Eltern, Lehrern und Ehemaligen zusammensetzt.<\/p>\n<p>Die dem F\u00f6rderverein zur Verf\u00fcgung stehenden Mittel beziehen wir aus Mitgliedsbeitr\u00e4gen und Spenden. Diese kommen ausschlie\u00dflich den Sch\u00fclerinnen und Sch\u00fclerns des JGG zu gute.<\/p>\n<p>Durch die Anerkennung als gemeinn\u00fctziger Verein sind Mitgliedsbeitr\u00e4ge und Spenden steuerlich absetzbar.<\/p>\n<p>J\u00e4hrlich findet eine ordentliche Mitgliederversammlung statt.<\/p>\n<p>Der F\u00f6rderverein gliedert sich in zwei Bereiche, die finanztechnisch separat ausgewiesen werden:<\/p>\n<ul>\n<li><strong>Kernverein<br \/>\n<\/strong><\/li>\n<li><strong>Musikschule<\/strong>, die vom F\u00f6rderverein treuh\u00e4nderisch verwaltet wird (<em>siehe eigene Seite)<\/em><\/li>\n<\/ul>\n<p>(Eine schuleigene <strong>Mensa<\/strong> wurde vom F\u00f6rderverein 1980 gegr\u00fcndet und bis 2010 betrieben.)<\/p>\n<h3><\/h3>\n<h3>Kontakt<\/h3>\n<p>Anschrift:<\/p>\n<p>L\u00f6tzener Weg 2-4<br \/>\n68307 Mannheim<\/p>\n<p>Tel : 0621 293-18710<br \/>\nFax : 0621 293-187111<br \/>\nMail : <a href=\"mailto:info@jgg-foerderverein.de\">info@jgg-foerderverein.de<\/a><br \/>\nWeb : <a href=\"http:\/\/www.jgg-foerderverein.de\">www.jgg-foerderverein.de<\/a><\/p>\n<h3>\u00a0Vorstand aktuell<\/h3>\n<p>Vorsitzender: Jana K\u00f6llner<br \/>\nStellv. Vorsitzender: Karin Kofler<br \/>\nSchatzmeister: Ulrich Wittekind<br \/>\nSchriftf\u00fchrer: Uwe Endres<br \/>\nMusikschule : Petra Eck<br \/>\nBeisitzer: Petra Eck, Christian Jacoby, Andreas Rutz<\/p>\n<p><span style=\"color: #444444; font-size: 1rem;\">Rechnungspr\u00fcfer: Stefanie Weibler, Dr. Norbert Ruske<\/span><\/p>\n<p><span style=\"color: #444444; font-size: 1rem;\"><a href=\"http:\/\/ppg-foerderverein.de\/wp-content\/uploads\/2025\/02\/Gruppenfoto2025-scaled.jpg\"><img loading=\"lazy\" decoding=\"async\" class=\"alignnone size-medium wp-image-4275\" src=\"http:\/\/ppg-foerderverein.de\/wp-content\/uploads\/2025\/02\/Gruppenfoto2025-300x200.jpg\" alt=\"\" width=\"300\" height=\"200\" srcset=\"http:\/\/ppg-foerderverein.de\/wp-content\/uploads\/2025\/02\/Gruppenfoto2025-300x200.jpg 300w, http:\/\/ppg-foerderverein.de\/wp-content\/uploads\/2025\/02\/Gruppenfoto2025-1024x683.jpg 1024w, http:\/\/ppg-foerderverein.de\/wp-content\/uploads\/2025\/02\/Gruppenfoto2025-768x512.jpg 768w, http:\/\/ppg-foerderverein.de\/wp-content\/uploads\/2025\/02\/Gruppenfoto2025-1536x1024.jpg 1536w, http:\/\/ppg-foerderverein.de\/wp-content\/uploads\/2025\/02\/Gruppenfoto2025-2048x1366.jpg 2048w, http:\/\/ppg-foerderverein.de\/wp-content\/uploads\/2025\/02\/Gruppenfoto2025-624x416.jpg 624w\" sizes=\"auto, (max-width: 300px) 100vw, 300px\" \/><\/a><\/span><\/p>\n<p>von links nach rechts: Christian Jacoby, Uwe Endres, Karin Kofler, Andreas Rutz, Jana K\u00f6llner, Petra Eck, Ulrich Wittekind<\/p>\n<p><a href=\"http:\/\/ppg-foerderverein.de\/wp-content\/uploads\/2024\/12\/Auflistung-Vorstaende-ab-1974-bis-heute.pdf\">Auflistung Vorst\u00e4nde ab 1974 bis heute<\/a><\/p>\n<p>Der Verein hat im Laufe der Jahrzehnte in finanzieller und ideeller Hinsicht vieles erm\u00f6glicht und arbeitet mit gro\u00dfem Engagement auch in der Gegenwart.<\/p>\n<p>Um das Johanna-Geissmar-Gymnasium auch weiterhin in gewohntem Umfang f\u00f6rdern und unterst\u00fctzen zu k\u00f6nnen, ist es wichtig f\u00fcr uns, st\u00e4ndig neue Mitglieder und Spender zu gewinnen. Deshalb freuen wir uns, wenn Sie sich f\u00fcr eine Mitgliedschaft in unserem Verein entscheiden bzw. eine Spende an uns t\u00e4tigen.<\/p>\n<p>Kommen Sie zu uns und werden Sie Mitglied &#8211; im Interesse Ihres Kindes!<\/p>\n<p><a href=\"http:\/\/ppg-foerderverein.de\/wp-content\/uploads\/2015\/10\/SEPA_Beitrittserklaerung-JGG.doc\">Formular SEPA_Beitrittserkl\u00e4rung JGG<\/a><\/p>\n<p><a href=\"http:\/\/ppg-foerderverein.de\/wp-content\/uploads\/2015\/10\/SEPA_Beitrittserklaerung-ABI-JGG.doc\">Formular SEPA_Beitrittserkl\u00e4rung Abiturienten JGG<\/a><\/p>\n<h3><\/h3>\n<h3>Bankverbindung<\/h3>\n<p>Kontoinhaber: Vereinigg.d.Freunde des JGG e.V.<\/p>\n<p>Kreditinstitut: Volksbank Sandhofen eG<\/p>\n<p>IBAN:\u00a0\u00a0 DE08 6706 0031 0031 1384\u00a0 00<\/p>\n<p>BIC:\u00a0\u00a0\u00a0\u00a0\u00a0 GENODE61MA3<\/p>\n<p>&nbsp;<\/p>\n<p>Wir betrachten uns als eine lebendige Gemeinschaft. \u00dcber Ihre aktive Teilnahme an unseren geselligen Veranstaltungen zur F\u00f6rderung der Verbundenheit und Gemeinsamkeit zwischen Eltern, Sch\u00fclern, Lehrern, Ehemaligen und Schule freuen wir uns sehr.<\/p>\n<h3><\/h3>\n<p><a href=\"http:\/\/ppg-foerderverein.de\/wp-content\/uploads\/2018\/01\/SatzungJGG_Stand-2016_V8.pdf\"><span style=\"color: #000000;\"><span style=\"color: #0000ff;\"><span style=\"color: #000000;\"><span style=\"color: #666699;\">Aktuelle Satzung (Stand 2014)<\/span><\/span><\/span><\/span><\/a><\/p>\n<p>&nbsp;<\/p>\n<p>&nbsp;<\/p>\n","protected":false},"excerpt":{"rendered":"<p>Vereinigung der Freunde des Johanna-Geissmar-Gymnasiums e.V. Die Vereinigung der Freunde des Johanna-Geissmar-Gymnasiums e.V. ist der F\u00f6rderverein des Gymnasiums. Der Verein wurde durch Elterninitiative im Oktober 1974 gegr\u00fcndet, als das Gymnasium &#8211; bis 2014 Peter-Petersen-Gymnasium &#8211; gerade mal zwei Jahre alt war. In der Aufbauphase des jungen Gymnasiums im Norden Mannheims war das intensive Zusammenwirken von [&hellip;]<\/p>\n","protected":false},"author":1,"featured_media":0,"parent":1297,"menu_order":2,"comment_status":"open","ping_status":"closed","template":"page-templates\/front-page.php","meta":{"footnotes":""},"class_list":["post-7","page","type-page","status-publish","hentry"],"_links":{"self":[{"href":"http:\/\/ppg-foerderverein.de\/index.php?rest_route=\/wp\/v2\/pages\/7","targetHints":{"allow":["GET"]}}],"collection":[{"href":"http:\/\/ppg-foerderverein.de\/index.php?rest_route=\/wp\/v2\/pages"}],"about":[{"href":"http:\/\/ppg-foerderverein.de\/index.php?rest_route=\/wp\/v2\/types\/page"}],"author":[{"embeddable":true,"href":"http:\/\/ppg-foerderverein.de\/index.php?rest_route=\/wp\/v2\/users\/1"}],"replies":[{"embeddable":true,"href":"http:\/\/ppg-foerderverein.de\/index.php?rest_route=%2Fwp%2Fv2%2Fcomments&post=7"}],"version-history":[{"count":123,"href":"http:\/\/ppg-foerderverein.de\/index.php?rest_route=\/wp\/v2\/pages\/7\/revisions"}],"predecessor-version":[{"id":4310,"href":"http:\/\/ppg-foerderverein.de\/index.php?rest_route=\/wp\/v2\/pages\/7\/revisions\/4310"}],"up":[{"embeddable":true,"href":"http:\/\/ppg-foerderverein.de\/index.php?rest_route=\/wp\/v2\/pages\/1297"}],"wp:attachment":[{"href":"http:\/\/ppg-foerderverein.de\/index.php?rest_route=%2Fwp%2Fv2%2Fmedia&parent=7"}],"curies":[{"name":"wp","href":"https:\/\/api.w.org\/{rel}","templated":true}]}}