{"id":2234,"date":"2018-05-17T14:54:22","date_gmt":"2018-05-17T14:54:22","guid":{"rendered":"http:\/\/ppg-foerderverein.de\/?page_id=2234"},"modified":"2020-10-22T14:17:20","modified_gmt":"2020-10-22T14:17:20","slug":"2002-2004","status":"publish","type":"page","link":"http:\/\/ppg-foerderverein.de\/?page_id=2234","title":{"rendered":"2002 &#8211; 2004"},"content":{"rendered":"<p><em>Zu den mit <\/em><span style=\"color: #0000ff;\"><strong>*<\/strong><\/span><em> markierten Veranstaltungen finden Sie weitere Bilder im &#8222;Archiv Bildergalerie&#8220;.<\/em><\/p>\n<h2><span style=\"color: #0000ff;\"><strong>2002<\/strong><\/span><\/h2>\n<p>07.02.2002\u00a0\u00a0\u00a0\u00a0\u00a0 Schulfastnacht unter dem Motto &#8222;Arktis &#8211; Antarktis&#8220;<\/p>\n<p><a href=\"http:\/\/ppg-foerderverein.de\/wp-content\/uploads\/2018\/05\/Scan_Pic0054.jpg\"><img loading=\"lazy\" decoding=\"async\" class=\"alignnone size-medium wp-image-2280\" src=\"http:\/\/ppg-foerderverein.de\/wp-content\/uploads\/2018\/05\/Scan_Pic0054-300x206.jpg\" alt=\"\" width=\"300\" height=\"206\" srcset=\"http:\/\/ppg-foerderverein.de\/wp-content\/uploads\/2018\/05\/Scan_Pic0054-300x206.jpg 300w, http:\/\/ppg-foerderverein.de\/wp-content\/uploads\/2018\/05\/Scan_Pic0054-768x527.jpg 768w, http:\/\/ppg-foerderverein.de\/wp-content\/uploads\/2018\/05\/Scan_Pic0054-1024x702.jpg 1024w, http:\/\/ppg-foerderverein.de\/wp-content\/uploads\/2018\/05\/Scan_Pic0054-624x428.jpg 624w, http:\/\/ppg-foerderverein.de\/wp-content\/uploads\/2018\/05\/Scan_Pic0054.jpg 1162w\" sizes=\"auto, (max-width: 300px) 100vw, 300px\" \/><\/a> <a href=\"http:\/\/ppg-foerderverein.de\/wp-content\/uploads\/2018\/05\/Scan_Pic0055.jpg\"><img loading=\"lazy\" decoding=\"async\" class=\"alignnone size-medium wp-image-2281\" src=\"http:\/\/ppg-foerderverein.de\/wp-content\/uploads\/2018\/05\/Scan_Pic0055-300x203.jpg\" alt=\"\" width=\"300\" height=\"203\" srcset=\"http:\/\/ppg-foerderverein.de\/wp-content\/uploads\/2018\/05\/Scan_Pic0055-300x203.jpg 300w, http:\/\/ppg-foerderverein.de\/wp-content\/uploads\/2018\/05\/Scan_Pic0055-768x520.jpg 768w, http:\/\/ppg-foerderverein.de\/wp-content\/uploads\/2018\/05\/Scan_Pic0055-1024x693.jpg 1024w, http:\/\/ppg-foerderverein.de\/wp-content\/uploads\/2018\/05\/Scan_Pic0055-624x422.jpg 624w, http:\/\/ppg-foerderverein.de\/wp-content\/uploads\/2018\/05\/Scan_Pic0055.jpg 1178w\" sizes=\"auto, (max-width: 300px) 100vw, 300px\" \/><\/a> <a href=\"http:\/\/ppg-foerderverein.de\/wp-content\/uploads\/2018\/05\/Scan_Pic0056.jpg\"><img loading=\"lazy\" decoding=\"async\" class=\"alignnone size-medium wp-image-2282\" src=\"http:\/\/ppg-foerderverein.de\/wp-content\/uploads\/2018\/05\/Scan_Pic0056-300x204.jpg\" alt=\"\" width=\"300\" height=\"204\" srcset=\"http:\/\/ppg-foerderverein.de\/wp-content\/uploads\/2018\/05\/Scan_Pic0056-300x204.jpg 300w, http:\/\/ppg-foerderverein.de\/wp-content\/uploads\/2018\/05\/Scan_Pic0056-768x522.jpg 768w, http:\/\/ppg-foerderverein.de\/wp-content\/uploads\/2018\/05\/Scan_Pic0056-1024x696.jpg 1024w, http:\/\/ppg-foerderverein.de\/wp-content\/uploads\/2018\/05\/Scan_Pic0056-624x424.jpg 624w, http:\/\/ppg-foerderverein.de\/wp-content\/uploads\/2018\/05\/Scan_Pic0056.jpg 1173w\" sizes=\"auto, (max-width: 300px) 100vw, 300px\" \/><\/a><\/p>\n<p>16.03.2002\u00a0\u00a0\u00a0\u00a0\u00a0 PPG-Treff (Schulfest als Ersatz f\u00fcr den ausgefallenen Septembertreff 2001)<\/p>\n<p>29.06.2002\u00a0\u00a0\u00a0\u00a0\u00a0 Abiturientenball des 22. Abiturjahrgangs im Kulturhaus K\u00e4fertal<\/p>\n<p>08.07.2002\u00a0\u00a0\u00a0\u00a0\u00a0 Helga Weber wird nach 28 Jahren Mitgliedschaft im Vorstand, davon 12 Jahre als Vorstandsvorsitzende, bei der 27. Mitgliederversammlung mit Neuwahl des Vorstandes verabschiedet. Sie leitet dennoch bis 2010 den Betrieb der schuleigenen Mensa des F\u00f6rdervereins weiter.<\/p>\n<p>20.07.2002\u00a0\u00a0\u00a0\u00a0\u00a0 Kulturausflug zur Mathildenh\u00f6he in Darmstadt und Grube Messel\u00a0 (Ltg. Helga Weber, Wolfgang Arndt)<\/p>\n<p><a href=\"http:\/\/ppg-foerderverein.de\/wp-content\/uploads\/2018\/05\/Scan_Pic0052.jpg\"><img loading=\"lazy\" decoding=\"async\" class=\"alignnone size-medium wp-image-2241\" src=\"http:\/\/ppg-foerderverein.de\/wp-content\/uploads\/2018\/05\/Scan_Pic0052-300x203.jpg\" alt=\"\" width=\"300\" height=\"203\" srcset=\"http:\/\/ppg-foerderverein.de\/wp-content\/uploads\/2018\/05\/Scan_Pic0052-300x203.jpg 300w, http:\/\/ppg-foerderverein.de\/wp-content\/uploads\/2018\/05\/Scan_Pic0052-768x520.jpg 768w, http:\/\/ppg-foerderverein.de\/wp-content\/uploads\/2018\/05\/Scan_Pic0052-1024x694.jpg 1024w, http:\/\/ppg-foerderverein.de\/wp-content\/uploads\/2018\/05\/Scan_Pic0052-624x423.jpg 624w, http:\/\/ppg-foerderverein.de\/wp-content\/uploads\/2018\/05\/Scan_Pic0052.jpg 1176w\" sizes=\"auto, (max-width: 300px) 100vw, 300px\" \/><\/a> <a href=\"http:\/\/ppg-foerderverein.de\/wp-content\/uploads\/2018\/05\/Scan_Pic0057.jpg\"><img loading=\"lazy\" decoding=\"async\" class=\"alignnone size-medium wp-image-2242\" src=\"http:\/\/ppg-foerderverein.de\/wp-content\/uploads\/2018\/05\/Scan_Pic0057-300x203.jpg\" alt=\"\" width=\"300\" height=\"203\" srcset=\"http:\/\/ppg-foerderverein.de\/wp-content\/uploads\/2018\/05\/Scan_Pic0057-300x203.jpg 300w, http:\/\/ppg-foerderverein.de\/wp-content\/uploads\/2018\/05\/Scan_Pic0057-768x520.jpg 768w, http:\/\/ppg-foerderverein.de\/wp-content\/uploads\/2018\/05\/Scan_Pic0057-1024x693.jpg 1024w, http:\/\/ppg-foerderverein.de\/wp-content\/uploads\/2018\/05\/Scan_Pic0057-624x422.jpg 624w, http:\/\/ppg-foerderverein.de\/wp-content\/uploads\/2018\/05\/Scan_Pic0057.jpg 1173w\" sizes=\"auto, (max-width: 300px) 100vw, 300px\" \/><\/a> <a href=\"http:\/\/ppg-foerderverein.de\/wp-content\/uploads\/2018\/05\/Scan_Pic0061.jpg\"><img loading=\"lazy\" decoding=\"async\" class=\"alignnone size-medium wp-image-2243\" src=\"http:\/\/ppg-foerderverein.de\/wp-content\/uploads\/2018\/05\/Scan_Pic0061-300x202.jpg\" alt=\"\" width=\"300\" height=\"202\" srcset=\"http:\/\/ppg-foerderverein.de\/wp-content\/uploads\/2018\/05\/Scan_Pic0061-300x202.jpg 300w, http:\/\/ppg-foerderverein.de\/wp-content\/uploads\/2018\/05\/Scan_Pic0061-768x517.jpg 768w, http:\/\/ppg-foerderverein.de\/wp-content\/uploads\/2018\/05\/Scan_Pic0061-1024x690.jpg 1024w, http:\/\/ppg-foerderverein.de\/wp-content\/uploads\/2018\/05\/Scan_Pic0061-624x420.jpg 624w, http:\/\/ppg-foerderverein.de\/wp-content\/uploads\/2018\/05\/Scan_Pic0061.jpg 1176w\" sizes=\"auto, (max-width: 300px) 100vw, 300px\" \/><\/a><\/p>\n<p>22.07.2002\u00a0\u00a0\u00a0\u00a0\u00a0 Sport- und Spieletag am PPG<\/p>\n<p>24.07.2002\u00a0\u00a0\u00a0\u00a0\u00a0 Verabschiedung der 1. Vorsitzenden Helga Weber durch den Schulleiter Dr. Ingo Leichert bei der Gesamtlehrerkonferenz<\/p>\n<p><a href=\"http:\/\/ppg-foerderverein.de\/wp-content\/uploads\/2018\/05\/2002-Verabschiedung-von-Helga-Weber-2.pdf\">Abschiedsrede des Schulleiters<\/a><\/p>\n<p>15.11.2002\u00a0\u00a0\u00a0\u00a0\u00a0 Vortrag von Ingeborg Schiele, Leiterin der Sozialredaktion des Mannheimer Morgen: \u201eFreiheit und Werte\u201c<\/p>\n<p>11.12.2002\u00a0\u00a0\u00a0\u00a0\u00a0 Unterst\u00fctzung der SMV beim Adventsfeuer<\/p>\n<p>&nbsp;<\/p>\n<h2><span style=\"color: #0000ff;\"><strong>2003<\/strong><\/span><\/h2>\n<p>27.03.2003\u00a0\u00a0\u00a0\u00a0\u00a0 Schulfastnacht unter dem Motto &#8222;Die W\u00fcste bebt&#8220;<\/p>\n<p>24.06.2003\u00a0\u00a0\u00a0\u00a0\u00a0 Deutsch-franz\u00f6sischer Abend zur Feier des 20j\u00e4hrigen Sch\u00fcleraustausches zwischen PPG und Coll\u00e8ge Louis Gr\u00fcner im Siedlerheim auf der Sch\u00f6nau<\/p>\n<p>05.07.2003\u00a0\u00a0\u00a0\u00a0\u00a0 Abiturientenball des 23. Abiturjahrgangs im Kulturhaus K\u00e4fertal<\/p>\n<p>10.07.2003\u00a0\u00a0\u00a0\u00a0\u00a0 28. Mitgliederversammlung<\/p>\n<p>09.09.2003\u00a0\u00a0\u00a0\u00a0\u00a0 Begr\u00fc\u00dfung des letzten G9-Jahrgangs am PPG &#8211; 122 neue F\u00fcnftkl\u00e4ssler an ihrem ersten schultag<\/p>\n<p>20.09.2003\u00a0\u00a0\u00a0\u00a0\u00a0 Der letzte Septembertreff \u2013 diesmal etwas anders; Organisation und Durchf\u00fchrung mit Hilfe des F\u00f6rdervereins, der Schulleitung sowie engagierter Eltern und Sch\u00fcler. (2005 wurde ein neues Konzept f\u00fcr k\u00fcnftige Schulfeste entwickelt.)<\/p>\n<p><a href=\"http:\/\/ppg-foerderverein.de\/wp-content\/uploads\/2018\/05\/Fest03_03-1024x709.jpg\"><img loading=\"lazy\" decoding=\"async\" class=\"alignnone size-medium wp-image-2262\" src=\"http:\/\/ppg-foerderverein.de\/wp-content\/uploads\/2018\/05\/Fest03_03-1024x709-300x208.jpg\" alt=\"\" width=\"300\" height=\"208\" srcset=\"http:\/\/ppg-foerderverein.de\/wp-content\/uploads\/2018\/05\/Fest03_03-1024x709-300x208.jpg 300w, http:\/\/ppg-foerderverein.de\/wp-content\/uploads\/2018\/05\/Fest03_03-1024x709-768x532.jpg 768w, http:\/\/ppg-foerderverein.de\/wp-content\/uploads\/2018\/05\/Fest03_03-1024x709.jpg 1024w, http:\/\/ppg-foerderverein.de\/wp-content\/uploads\/2018\/05\/Fest03_03-1024x709-624x432.jpg 624w\" sizes=\"auto, (max-width: 300px) 100vw, 300px\" \/><\/a> <a href=\"http:\/\/ppg-foerderverein.de\/wp-content\/uploads\/2018\/05\/Fest03_05-1024x683.jpg\"><img loading=\"lazy\" decoding=\"async\" class=\"alignnone size-medium wp-image-2263\" src=\"http:\/\/ppg-foerderverein.de\/wp-content\/uploads\/2018\/05\/Fest03_05-1024x683-300x200.jpg\" alt=\"\" width=\"300\" height=\"200\" srcset=\"http:\/\/ppg-foerderverein.de\/wp-content\/uploads\/2018\/05\/Fest03_05-1024x683-300x200.jpg 300w, http:\/\/ppg-foerderverein.de\/wp-content\/uploads\/2018\/05\/Fest03_05-1024x683-768x512.jpg 768w, http:\/\/ppg-foerderverein.de\/wp-content\/uploads\/2018\/05\/Fest03_05-1024x683.jpg 1024w, http:\/\/ppg-foerderverein.de\/wp-content\/uploads\/2018\/05\/Fest03_05-1024x683-624x416.jpg 624w\" sizes=\"auto, (max-width: 300px) 100vw, 300px\" \/><\/a> <a href=\"http:\/\/ppg-foerderverein.de\/wp-content\/uploads\/2018\/05\/Fest03_08-1024x709.jpg\"><img loading=\"lazy\" decoding=\"async\" class=\"alignnone size-medium wp-image-2264\" src=\"http:\/\/ppg-foerderverein.de\/wp-content\/uploads\/2018\/05\/Fest03_08-1024x709-300x208.jpg\" alt=\"\" width=\"300\" height=\"208\" srcset=\"http:\/\/ppg-foerderverein.de\/wp-content\/uploads\/2018\/05\/Fest03_08-1024x709-300x208.jpg 300w, http:\/\/ppg-foerderverein.de\/wp-content\/uploads\/2018\/05\/Fest03_08-1024x709-768x532.jpg 768w, http:\/\/ppg-foerderverein.de\/wp-content\/uploads\/2018\/05\/Fest03_08-1024x709.jpg 1024w, http:\/\/ppg-foerderverein.de\/wp-content\/uploads\/2018\/05\/Fest03_08-1024x709-624x432.jpg 624w\" sizes=\"auto, (max-width: 300px) 100vw, 300px\" \/><\/a> <a href=\"http:\/\/ppg-foerderverein.de\/wp-content\/uploads\/2018\/05\/Fest03_12-1024x683.jpg\"><img loading=\"lazy\" decoding=\"async\" class=\"alignnone size-medium wp-image-2265\" src=\"http:\/\/ppg-foerderverein.de\/wp-content\/uploads\/2018\/05\/Fest03_12-1024x683-300x200.jpg\" alt=\"\" width=\"300\" height=\"200\" srcset=\"http:\/\/ppg-foerderverein.de\/wp-content\/uploads\/2018\/05\/Fest03_12-1024x683-300x200.jpg 300w, http:\/\/ppg-foerderverein.de\/wp-content\/uploads\/2018\/05\/Fest03_12-1024x683-768x512.jpg 768w, http:\/\/ppg-foerderverein.de\/wp-content\/uploads\/2018\/05\/Fest03_12-1024x683.jpg 1024w, http:\/\/ppg-foerderverein.de\/wp-content\/uploads\/2018\/05\/Fest03_12-1024x683-624x416.jpg 624w\" sizes=\"auto, (max-width: 300px) 100vw, 300px\" \/><\/a> <a href=\"http:\/\/ppg-foerderverein.de\/wp-content\/uploads\/2018\/05\/Fest03_17a-1024x682.jpg\"><img loading=\"lazy\" decoding=\"async\" class=\"alignnone size-medium wp-image-2266\" src=\"http:\/\/ppg-foerderverein.de\/wp-content\/uploads\/2018\/05\/Fest03_17a-1024x682-300x200.jpg\" alt=\"\" width=\"300\" height=\"200\" srcset=\"http:\/\/ppg-foerderverein.de\/wp-content\/uploads\/2018\/05\/Fest03_17a-1024x682-300x200.jpg 300w, http:\/\/ppg-foerderverein.de\/wp-content\/uploads\/2018\/05\/Fest03_17a-1024x682-768x512.jpg 768w, http:\/\/ppg-foerderverein.de\/wp-content\/uploads\/2018\/05\/Fest03_17a-1024x682.jpg 1024w, http:\/\/ppg-foerderverein.de\/wp-content\/uploads\/2018\/05\/Fest03_17a-1024x682-624x416.jpg 624w\" sizes=\"auto, (max-width: 300px) 100vw, 300px\" \/><\/a> <a href=\"http:\/\/ppg-foerderverein.de\/wp-content\/uploads\/2018\/05\/Fest03_18a-1024x710.jpg\"><img loading=\"lazy\" decoding=\"async\" class=\"alignnone size-medium wp-image-2267\" src=\"http:\/\/ppg-foerderverein.de\/wp-content\/uploads\/2018\/05\/Fest03_18a-1024x710-300x208.jpg\" alt=\"\" width=\"300\" height=\"208\" srcset=\"http:\/\/ppg-foerderverein.de\/wp-content\/uploads\/2018\/05\/Fest03_18a-1024x710-300x208.jpg 300w, http:\/\/ppg-foerderverein.de\/wp-content\/uploads\/2018\/05\/Fest03_18a-1024x710-768x533.jpg 768w, http:\/\/ppg-foerderverein.de\/wp-content\/uploads\/2018\/05\/Fest03_18a-1024x710.jpg 1024w, http:\/\/ppg-foerderverein.de\/wp-content\/uploads\/2018\/05\/Fest03_18a-1024x710-624x433.jpg 624w\" sizes=\"auto, (max-width: 300px) 100vw, 300px\" \/><\/a><\/p>\n<p>11.10.2003\u00a0\u00a0\u00a0\u00a0\u00a0 Herbstwanderung in der Pfalz \u2013 Modenbachtal, Burgruine Neuscharfeneck (Ltg. Ingo Leichert)<\/p>\n<p><a href=\"http:\/\/ppg-foerderverein.de\/wp-content\/uploads\/2018\/05\/F\u00d6V-Herbstausflug-2003-Einladung.pdf\">Einladung Herbstwanderung<\/a><\/p>\n<p><a href=\"http:\/\/ppg-foerderverein.de\/wp-content\/uploads\/2018\/05\/Ausfl03_03a-1024x683.jpg\"><img loading=\"lazy\" decoding=\"async\" class=\"alignnone size-medium wp-image-2271\" src=\"http:\/\/ppg-foerderverein.de\/wp-content\/uploads\/2018\/05\/Ausfl03_03a-1024x683-300x200.jpg\" alt=\"\" width=\"300\" height=\"200\" srcset=\"http:\/\/ppg-foerderverein.de\/wp-content\/uploads\/2018\/05\/Ausfl03_03a-1024x683-300x200.jpg 300w, http:\/\/ppg-foerderverein.de\/wp-content\/uploads\/2018\/05\/Ausfl03_03a-1024x683-768x512.jpg 768w, http:\/\/ppg-foerderverein.de\/wp-content\/uploads\/2018\/05\/Ausfl03_03a-1024x683.jpg 1024w, http:\/\/ppg-foerderverein.de\/wp-content\/uploads\/2018\/05\/Ausfl03_03a-1024x683-624x416.jpg 624w\" sizes=\"auto, (max-width: 300px) 100vw, 300px\" \/><\/a> <a href=\"http:\/\/ppg-foerderverein.de\/wp-content\/uploads\/2018\/05\/Ausfl03_07a-1023x682.jpg\"><img loading=\"lazy\" decoding=\"async\" class=\"alignnone size-medium wp-image-2272\" src=\"http:\/\/ppg-foerderverein.de\/wp-content\/uploads\/2018\/05\/Ausfl03_07a-1023x682-300x200.jpg\" alt=\"\" width=\"300\" height=\"200\" srcset=\"http:\/\/ppg-foerderverein.de\/wp-content\/uploads\/2018\/05\/Ausfl03_07a-1023x682-300x200.jpg 300w, http:\/\/ppg-foerderverein.de\/wp-content\/uploads\/2018\/05\/Ausfl03_07a-1023x682-768x512.jpg 768w, http:\/\/ppg-foerderverein.de\/wp-content\/uploads\/2018\/05\/Ausfl03_07a-1023x682-624x416.jpg 624w, http:\/\/ppg-foerderverein.de\/wp-content\/uploads\/2018\/05\/Ausfl03_07a-1023x682.jpg 1023w\" sizes=\"auto, (max-width: 300px) 100vw, 300px\" \/><\/a> <a href=\"http:\/\/ppg-foerderverein.de\/wp-content\/uploads\/2018\/05\/Ausfl03_08a-1024x683.jpg\"><img loading=\"lazy\" decoding=\"async\" class=\"alignnone size-medium wp-image-2273\" src=\"http:\/\/ppg-foerderverein.de\/wp-content\/uploads\/2018\/05\/Ausfl03_08a-1024x683-300x200.jpg\" alt=\"\" width=\"300\" height=\"200\" srcset=\"http:\/\/ppg-foerderverein.de\/wp-content\/uploads\/2018\/05\/Ausfl03_08a-1024x683-300x200.jpg 300w, http:\/\/ppg-foerderverein.de\/wp-content\/uploads\/2018\/05\/Ausfl03_08a-1024x683-768x512.jpg 768w, http:\/\/ppg-foerderverein.de\/wp-content\/uploads\/2018\/05\/Ausfl03_08a-1024x683.jpg 1024w, http:\/\/ppg-foerderverein.de\/wp-content\/uploads\/2018\/05\/Ausfl03_08a-1024x683-624x416.jpg 624w\" sizes=\"auto, (max-width: 300px) 100vw, 300px\" \/><\/a> <a href=\"http:\/\/ppg-foerderverein.de\/wp-content\/uploads\/2018\/05\/Ausfl03_17a-1024x683.jpg\"><img loading=\"lazy\" decoding=\"async\" class=\"alignnone size-medium wp-image-2274\" src=\"http:\/\/ppg-foerderverein.de\/wp-content\/uploads\/2018\/05\/Ausfl03_17a-1024x683-300x200.jpg\" alt=\"\" width=\"300\" height=\"200\" srcset=\"http:\/\/ppg-foerderverein.de\/wp-content\/uploads\/2018\/05\/Ausfl03_17a-1024x683-300x200.jpg 300w, http:\/\/ppg-foerderverein.de\/wp-content\/uploads\/2018\/05\/Ausfl03_17a-1024x683-768x512.jpg 768w, http:\/\/ppg-foerderverein.de\/wp-content\/uploads\/2018\/05\/Ausfl03_17a-1024x683.jpg 1024w, http:\/\/ppg-foerderverein.de\/wp-content\/uploads\/2018\/05\/Ausfl03_17a-1024x683-624x416.jpg 624w\" sizes=\"auto, (max-width: 300px) 100vw, 300px\" \/><\/a> <a href=\"http:\/\/ppg-foerderverein.de\/wp-content\/uploads\/2018\/05\/Ausfl03_18a-1024x683.jpg\"><img loading=\"lazy\" decoding=\"async\" class=\"alignnone size-medium wp-image-2275\" src=\"http:\/\/ppg-foerderverein.de\/wp-content\/uploads\/2018\/05\/Ausfl03_18a-1024x683-300x200.jpg\" alt=\"\" width=\"300\" height=\"200\" srcset=\"http:\/\/ppg-foerderverein.de\/wp-content\/uploads\/2018\/05\/Ausfl03_18a-1024x683-300x200.jpg 300w, http:\/\/ppg-foerderverein.de\/wp-content\/uploads\/2018\/05\/Ausfl03_18a-1024x683-768x512.jpg 768w, http:\/\/ppg-foerderverein.de\/wp-content\/uploads\/2018\/05\/Ausfl03_18a-1024x683.jpg 1024w, http:\/\/ppg-foerderverein.de\/wp-content\/uploads\/2018\/05\/Ausfl03_18a-1024x683-624x416.jpg 624w\" sizes=\"auto, (max-width: 300px) 100vw, 300px\" \/><\/a> <a href=\"http:\/\/ppg-foerderverein.de\/wp-content\/uploads\/2018\/05\/Ausfl03_19a-1024x683.jpg\"><img loading=\"lazy\" decoding=\"async\" class=\"alignnone size-medium wp-image-2276\" src=\"http:\/\/ppg-foerderverein.de\/wp-content\/uploads\/2018\/05\/Ausfl03_19a-1024x683-300x200.jpg\" alt=\"\" width=\"300\" height=\"200\" srcset=\"http:\/\/ppg-foerderverein.de\/wp-content\/uploads\/2018\/05\/Ausfl03_19a-1024x683-300x200.jpg 300w, http:\/\/ppg-foerderverein.de\/wp-content\/uploads\/2018\/05\/Ausfl03_19a-1024x683-768x512.jpg 768w, http:\/\/ppg-foerderverein.de\/wp-content\/uploads\/2018\/05\/Ausfl03_19a-1024x683.jpg 1024w, http:\/\/ppg-foerderverein.de\/wp-content\/uploads\/2018\/05\/Ausfl03_19a-1024x683-624x416.jpg 624w\" sizes=\"auto, (max-width: 300px) 100vw, 300px\" \/><\/a><\/p>\n<p>09.12.2003\u00a0\u00a0\u00a0\u00a0\u00a0 Unterst\u00fctzung der SMV beim Adventsfeuer<\/p>\n<p><strong>\u00a0<\/strong><\/p>\n<h2><span style=\"color: #0000ff;\"><strong>2004<\/strong><\/span><\/h2>\n<p><span style=\"color: #0000ff;\"><strong>30j\u00e4hriges Bestehen des F\u00f6rdervereins<\/strong><\/span><\/p>\n<p>19.02.2004\u00a0\u00a0\u00a0\u00a0\u00a0 Schulfastnacht unter dem Motto &#8222;Petersens Mondfahrt&#8220;<\/p>\n<p>28.04.2004\u00a0\u00a0\u00a0\u00a0\u00a0 Vortrag von Dr. Alexander Diehl, Facharzt f\u00fcr Psychiatrie und Psychotherapie, ehemaliger PPG-Sch\u00fcler: \u201eAlkopops und Designerdrogen\u201c<\/p>\n<p>16.06.2004\u00a0\u00a0\u00a0\u00a0\u00a0 29. Mitgliederversammlung<\/p>\n<p>26.06.2004\u00a0\u00a0\u00a0\u00a0\u00a0 Abiturientenball des 24. Abiturjahrgangs in der Rheingoldhalle<\/p>\n<p>14.07.2004\u00a0\u00a0\u00a0\u00a0\u00a0 Au\u00dferordentliche Mitgliederversammlung (Satzungs\u00e4nderung)<\/p>\n<p>13.09.2004\u00a0\u00a0\u00a0\u00a0\u00a0 Begr\u00fc\u00dfung des ersten G8-Jahrgangs am PPG &#8211; 112 neue F\u00fcnftkl\u00e4ssler an ihrem ersten Schultag. (Einf\u00fchrung des achtj\u00e4hrigen Bildungsganges im Schuljahr 2004\/05.)<\/p>\n<p>06.10.2004\u00a0\u00a0\u00a0\u00a0\u00a0 Konzert mit Musical-Melodien (Ltg. Peter Imhof, Martin Geipel)<\/p>\n<p>09.10.2004\u00a0\u00a0\u00a0\u00a0\u00a0 Gro\u00dfes Einweihungsfest aufwendiger Projekte: Einweihung des Kletterkellers, dessen Ausbau mit 10.500 Euro vom F\u00f6V vollfinanziert wurde. Gleichzeitige Einweihung der Schulhofb\u00e4nke bzw. Bankgruppen, deren Anschaffung vom F\u00f6V ebenfalls kr\u00e4ftig bezuschusst wurde, so wie die Neugestaltung des Eingangsbereichs zum Hauptgeb\u00e4ude. Bewirtung durch den F\u00f6rderverein.<\/p>\n<p>23.10.2004\u00a0\u00a0\u00a0\u00a0\u00a0 Herbstwanderung in der S\u00fcdpfalz: die Vier-Burgen-Tour (Madenburg, Scharfeneck, Anebos und Trifels, Ltg. \u00a0Ingo Leichert)<\/p>\n<p><a href=\"http:\/\/ppg-foerderverein.de\/wp-content\/uploads\/2018\/05\/F\u00d6V-Herbstwanderung-2004-2.pdf\">Einladung Herbstwanderung<\/a><\/p>\n<p><a href=\"http:\/\/ppg-foerderverein.de\/wp-content\/uploads\/2018\/05\/Scan_Pic0057a.jpg\"><img loading=\"lazy\" decoding=\"async\" class=\"alignnone size-medium wp-image-2296\" src=\"http:\/\/ppg-foerderverein.de\/wp-content\/uploads\/2018\/05\/Scan_Pic0057a-300x204.jpg\" alt=\"\" width=\"300\" height=\"204\" srcset=\"http:\/\/ppg-foerderverein.de\/wp-content\/uploads\/2018\/05\/Scan_Pic0057a-300x204.jpg 300w, http:\/\/ppg-foerderverein.de\/wp-content\/uploads\/2018\/05\/Scan_Pic0057a-768x521.jpg 768w, http:\/\/ppg-foerderverein.de\/wp-content\/uploads\/2018\/05\/Scan_Pic0057a-624x424.jpg 624w, http:\/\/ppg-foerderverein.de\/wp-content\/uploads\/2018\/05\/Scan_Pic0057a.jpg 797w\" sizes=\"auto, (max-width: 300px) 100vw, 300px\" \/><\/a> <a href=\"http:\/\/ppg-foerderverein.de\/wp-content\/uploads\/2018\/05\/Scan_Pic0058b.jpg\"><img loading=\"lazy\" decoding=\"async\" class=\"alignnone size-medium wp-image-2297\" src=\"http:\/\/ppg-foerderverein.de\/wp-content\/uploads\/2018\/05\/Scan_Pic0058b-300x204.jpg\" alt=\"\" width=\"300\" height=\"204\" srcset=\"http:\/\/ppg-foerderverein.de\/wp-content\/uploads\/2018\/05\/Scan_Pic0058b-300x204.jpg 300w, http:\/\/ppg-foerderverein.de\/wp-content\/uploads\/2018\/05\/Scan_Pic0058b-768x522.jpg 768w, http:\/\/ppg-foerderverein.de\/wp-content\/uploads\/2018\/05\/Scan_Pic0058b-624x424.jpg 624w, http:\/\/ppg-foerderverein.de\/wp-content\/uploads\/2018\/05\/Scan_Pic0058b.jpg 961w\" sizes=\"auto, (max-width: 300px) 100vw, 300px\" \/><\/a> <a href=\"http:\/\/ppg-foerderverein.de\/wp-content\/uploads\/2018\/05\/Scan_Pic0059b.jpg\"><img loading=\"lazy\" decoding=\"async\" class=\"alignnone size-medium wp-image-2298\" src=\"http:\/\/ppg-foerderverein.de\/wp-content\/uploads\/2018\/05\/Scan_Pic0059b-300x204.jpg\" alt=\"\" width=\"300\" height=\"204\" srcset=\"http:\/\/ppg-foerderverein.de\/wp-content\/uploads\/2018\/05\/Scan_Pic0059b-300x204.jpg 300w, http:\/\/ppg-foerderverein.de\/wp-content\/uploads\/2018\/05\/Scan_Pic0059b-768x522.jpg 768w, http:\/\/ppg-foerderverein.de\/wp-content\/uploads\/2018\/05\/Scan_Pic0059b-624x424.jpg 624w, http:\/\/ppg-foerderverein.de\/wp-content\/uploads\/2018\/05\/Scan_Pic0059b.jpg 795w\" sizes=\"auto, (max-width: 300px) 100vw, 300px\" \/><\/a> <a href=\"http:\/\/ppg-foerderverein.de\/wp-content\/uploads\/2018\/05\/Scan_Pic0060a.jpg\"><img loading=\"lazy\" decoding=\"async\" class=\"alignnone size-medium wp-image-2299\" src=\"http:\/\/ppg-foerderverein.de\/wp-content\/uploads\/2018\/05\/Scan_Pic0060a-300x204.jpg\" alt=\"\" width=\"300\" height=\"204\" srcset=\"http:\/\/ppg-foerderverein.de\/wp-content\/uploads\/2018\/05\/Scan_Pic0060a-300x204.jpg 300w, http:\/\/ppg-foerderverein.de\/wp-content\/uploads\/2018\/05\/Scan_Pic0060a-768x521.jpg 768w, http:\/\/ppg-foerderverein.de\/wp-content\/uploads\/2018\/05\/Scan_Pic0060a-624x424.jpg 624w, http:\/\/ppg-foerderverein.de\/wp-content\/uploads\/2018\/05\/Scan_Pic0060a.jpg 797w\" sizes=\"auto, (max-width: 300px) 100vw, 300px\" \/><\/a> <a href=\"http:\/\/ppg-foerderverein.de\/wp-content\/uploads\/2018\/05\/Scan_Pic0061-1.jpg\"><img loading=\"lazy\" decoding=\"async\" class=\"alignnone size-medium wp-image-2300\" src=\"http:\/\/ppg-foerderverein.de\/wp-content\/uploads\/2018\/05\/Scan_Pic0061-1-300x203.jpg\" alt=\"\" width=\"300\" height=\"203\" srcset=\"http:\/\/ppg-foerderverein.de\/wp-content\/uploads\/2018\/05\/Scan_Pic0061-1-300x203.jpg 300w, http:\/\/ppg-foerderverein.de\/wp-content\/uploads\/2018\/05\/Scan_Pic0061-1-768x518.jpg 768w, http:\/\/ppg-foerderverein.de\/wp-content\/uploads\/2018\/05\/Scan_Pic0061-1-624x421.jpg 624w, http:\/\/ppg-foerderverein.de\/wp-content\/uploads\/2018\/05\/Scan_Pic0061-1.jpg 991w\" sizes=\"auto, (max-width: 300px) 100vw, 300px\" \/><\/a> <a href=\"http:\/\/ppg-foerderverein.de\/wp-content\/uploads\/2018\/05\/Scan_Pic0062a.jpg\"><img loading=\"lazy\" decoding=\"async\" class=\"alignnone size-medium wp-image-2301\" src=\"http:\/\/ppg-foerderverein.de\/wp-content\/uploads\/2018\/05\/Scan_Pic0062a-300x203.jpg\" alt=\"\" width=\"300\" height=\"203\" srcset=\"http:\/\/ppg-foerderverein.de\/wp-content\/uploads\/2018\/05\/Scan_Pic0062a-300x203.jpg 300w, http:\/\/ppg-foerderverein.de\/wp-content\/uploads\/2018\/05\/Scan_Pic0062a-768x520.jpg 768w, http:\/\/ppg-foerderverein.de\/wp-content\/uploads\/2018\/05\/Scan_Pic0062a-1024x693.jpg 1024w, http:\/\/ppg-foerderverein.de\/wp-content\/uploads\/2018\/05\/Scan_Pic0062a-624x422.jpg 624w, http:\/\/ppg-foerderverein.de\/wp-content\/uploads\/2018\/05\/Scan_Pic0062a.jpg 1045w\" sizes=\"auto, (max-width: 300px) 100vw, 300px\" \/><\/a><\/p>\n<p>15.12.2004\u00a0\u00a0\u00a0\u00a0\u00a0 Unterst\u00fctzung der SMV beim Adventsfeuer (Ab 2005 \u00fcbernimmt die SMV die komplette Organisation.)<\/p>\n<p>&nbsp;<\/p>\n<p>&nbsp;<\/p>\n","protected":false},"excerpt":{"rendered":"<p>Zu den mit * markierten Veranstaltungen finden Sie weitere Bilder im &#8222;Archiv Bildergalerie&#8220;. 2002 07.02.2002\u00a0\u00a0\u00a0\u00a0\u00a0 Schulfastnacht unter dem Motto &#8222;Arktis &#8211; Antarktis&#8220; 16.03.2002\u00a0\u00a0\u00a0\u00a0\u00a0 PPG-Treff (Schulfest als Ersatz f\u00fcr den ausgefallenen Septembertreff 2001) 29.06.2002\u00a0\u00a0\u00a0\u00a0\u00a0 Abiturientenball des 22. Abiturjahrgangs im Kulturhaus K\u00e4fertal 08.07.2002\u00a0\u00a0\u00a0\u00a0\u00a0 Helga Weber wird nach 28 Jahren Mitgliedschaft im Vorstand, davon 12 Jahre als Vorstandsvorsitzende, [&hellip;]<\/p>\n","protected":false},"author":3,"featured_media":0,"parent":14,"menu_order":0,"comment_status":"closed","ping_status":"closed","template":"page-templates\/full-width.php","meta":{"footnotes":""},"class_list":["post-2234","page","type-page","status-publish","hentry"],"_links":{"self":[{"href":"http:\/\/ppg-foerderverein.de\/index.php?rest_route=\/wp\/v2\/pages\/2234","targetHints":{"allow":["GET"]}}],"collection":[{"href":"http:\/\/ppg-foerderverein.de\/index.php?rest_route=\/wp\/v2\/pages"}],"about":[{"href":"http:\/\/ppg-foerderverein.de\/index.php?rest_route=\/wp\/v2\/types\/page"}],"author":[{"embeddable":true,"href":"http:\/\/ppg-foerderverein.de\/index.php?rest_route=\/wp\/v2\/users\/3"}],"replies":[{"embeddable":true,"href":"http:\/\/ppg-foerderverein.de\/index.php?rest_route=%2Fwp%2Fv2%2Fcomments&post=2234"}],"version-history":[{"count":44,"href":"http:\/\/ppg-foerderverein.de\/index.php?rest_route=\/wp\/v2\/pages\/2234\/revisions"}],"predecessor-version":[{"id":3934,"href":"http:\/\/ppg-foerderverein.de\/index.php?rest_route=\/wp\/v2\/pages\/2234\/revisions\/3934"}],"up":[{"embeddable":true,"href":"http:\/\/ppg-foerderverein.de\/index.php?rest_route=\/wp\/v2\/pages\/14"}],"wp:attachment":[{"href":"http:\/\/ppg-foerderverein.de\/index.php?rest_route=%2Fwp%2Fv2%2Fmedia&parent=2234"}],"curies":[{"name":"wp","href":"https:\/\/api.w.org\/{rel}","templated":true}]}}