{"id":1742,"date":"2018-03-22T11:38:42","date_gmt":"2018-03-22T11:38:42","guid":{"rendered":"http:\/\/ppg-foerderverein.de\/?page_id=1742"},"modified":"2018-05-26T09:13:45","modified_gmt":"2018-05-26T09:13:45","slug":"1987-1989","status":"publish","type":"page","link":"http:\/\/ppg-foerderverein.de\/?page_id=1742","title":{"rendered":"1987 &#8211; 1989"},"content":{"rendered":"<p><em>Zu den mit <strong><span style=\"color: #0000ff;\">*<\/span><\/strong> markierten Veranstaltungen finden Sie weitere Bilder im &#8222;Archiv Bildergalerie&#8220;.<\/em><\/p>\n<h2><span style=\"color: #0000ff;\"><strong>1987<\/strong><\/span><\/h2>\n<p>26.02.1987\u00a0\u00a0\u00a0\u00a0\u00a0 Schulfastnacht<\/p>\n<p>M\u00e4rz 1987\u00a0\u00a0\u00a0\u00a0\u00a0 Kulturausflug nach Bruchsal und zum Michaelsberg bei Untergrombach (Ltg. Gottfried Becker, Helga Weber)<\/p>\n<p>Mai 1987\u00a0\u00a0\u00a0\u00a0\u00a0\u00a0\u00a0 Abiturientenball des 7. Abiturjahrgangs im Kulturhaus K\u00e4fertal<\/p>\n<p>Aug. 1987\u00a0\u00a0\u00a0\u00a0\u00a0\u00a0 Geologische Wanderung bei Heidelberg (Ltg. Gottfried Becker)<\/p>\n<p>Sept. 1987\u00a0\u00a0\u00a0\u00a0\u00a0 Septembertreff (zuk\u00fcnftig im Zweijahresrhythmus)<\/p>\n<p>Okt. 1987\u00a0\u00a0\u00a0\u00a0\u00a0\u00a0\u00a0 Verpflegung beim PPG-Sportfest<\/p>\n<p>Nov. 1987\u00a0\u00a0\u00a0\u00a0\u00a0\u00a0 Besuch des Planetariums Mannheim<\/p>\n<p>&nbsp;<\/p>\n<h2><span style=\"color: #0000ff;\"><strong>1988<\/strong><\/span><\/h2>\n<p>11.02.1988\u00a0\u00a0\u00a0\u00a0\u00a0 Schulfastnacht\u00a0\u00a0 (Foto li. Klaus Strakerjahn, re. Eberhard Oettinger)<\/p>\n<p><a href=\"http:\/\/ppg-foerderverein.de\/wp-content\/uploads\/2018\/04\/Strakerjahn-2.jpg\"><img loading=\"lazy\" decoding=\"async\" class=\"alignnone size-medium wp-image-2123\" src=\"http:\/\/ppg-foerderverein.de\/wp-content\/uploads\/2018\/04\/Strakerjahn-2-300x240.jpg\" alt=\"\" width=\"300\" height=\"240\" srcset=\"http:\/\/ppg-foerderverein.de\/wp-content\/uploads\/2018\/04\/Strakerjahn-2-300x240.jpg 300w, http:\/\/ppg-foerderverein.de\/wp-content\/uploads\/2018\/04\/Strakerjahn-2-624x498.jpg 624w, http:\/\/ppg-foerderverein.de\/wp-content\/uploads\/2018\/04\/Strakerjahn-2.jpg 696w\" sizes=\"auto, (max-width: 300px) 100vw, 300px\" \/><\/a> <a href=\"http:\/\/ppg-foerderverein.de\/wp-content\/uploads\/2018\/04\/Oettinger.jpg\"><img loading=\"lazy\" decoding=\"async\" class=\"alignnone size-medium wp-image-2122\" src=\"http:\/\/ppg-foerderverein.de\/wp-content\/uploads\/2018\/04\/Oettinger-300x240.jpg\" alt=\"\" width=\"300\" height=\"240\" srcset=\"http:\/\/ppg-foerderverein.de\/wp-content\/uploads\/2018\/04\/Oettinger-300x240.jpg 300w, http:\/\/ppg-foerderverein.de\/wp-content\/uploads\/2018\/04\/Oettinger-768x615.jpg 768w, http:\/\/ppg-foerderverein.de\/wp-content\/uploads\/2018\/04\/Oettinger-624x500.jpg 624w, http:\/\/ppg-foerderverein.de\/wp-content\/uploads\/2018\/04\/Oettinger.jpg 869w\" sizes=\"auto, (max-width: 300px) 100vw, 300px\" \/><\/a> <a href=\"http:\/\/ppg-foerderverein.de\/wp-content\/uploads\/2018\/04\/Oettinger-2.jpg\"><img loading=\"lazy\" decoding=\"async\" class=\"alignnone size-medium wp-image-2121\" src=\"http:\/\/ppg-foerderverein.de\/wp-content\/uploads\/2018\/04\/Oettinger-2-300x240.jpg\" alt=\"\" width=\"300\" height=\"240\" srcset=\"http:\/\/ppg-foerderverein.de\/wp-content\/uploads\/2018\/04\/Oettinger-2-300x240.jpg 300w, http:\/\/ppg-foerderverein.de\/wp-content\/uploads\/2018\/04\/Oettinger-2.jpg 519w\" sizes=\"auto, (max-width: 300px) 100vw, 300px\" \/><\/a><\/p>\n<p>23.\/24.03. \u00a0\u00a0\u00a0\u00a0\u00a0 Auff\u00fchrung der Tanz-AGs (Ltg. Johanna Schoch\u00a0 &#8211; heute Johanna Kerbs -, Iris Hoffmeister), F\u00f6V \u00fcbernimmt die Vorfinanzierung und organisiert die Bewirtung <span style=\"color: #0000ff;\"><strong>*<\/strong><\/span><\/p>\n<p><a href=\"http:\/\/ppg-foerderverein.de\/wp-content\/uploads\/2018\/03\/Scan_Pic0050-a1.jpg\"><img loading=\"lazy\" decoding=\"async\" class=\"alignnone size-medium wp-image-1883\" src=\"http:\/\/ppg-foerderverein.de\/wp-content\/uploads\/2018\/03\/Scan_Pic0050-a1-300x200.jpg\" alt=\"\" width=\"300\" height=\"200\" srcset=\"http:\/\/ppg-foerderverein.de\/wp-content\/uploads\/2018\/03\/Scan_Pic0050-a1-300x200.jpg 300w, http:\/\/ppg-foerderverein.de\/wp-content\/uploads\/2018\/03\/Scan_Pic0050-a1-768x512.jpg 768w, http:\/\/ppg-foerderverein.de\/wp-content\/uploads\/2018\/03\/Scan_Pic0050-a1-1024x683.jpg 1024w, http:\/\/ppg-foerderverein.de\/wp-content\/uploads\/2018\/03\/Scan_Pic0050-a1-624x416.jpg 624w, http:\/\/ppg-foerderverein.de\/wp-content\/uploads\/2018\/03\/Scan_Pic0050-a1.jpg 1032w\" sizes=\"auto, (max-width: 300px) 100vw, 300px\" \/><\/a> <a href=\"http:\/\/ppg-foerderverein.de\/wp-content\/uploads\/2018\/03\/Scan_Pic0051-b1.jpg\"><img loading=\"lazy\" decoding=\"async\" class=\"alignnone size-medium wp-image-1885\" src=\"http:\/\/ppg-foerderverein.de\/wp-content\/uploads\/2018\/03\/Scan_Pic0051-b1-300x200.jpg\" alt=\"\" width=\"300\" height=\"200\" srcset=\"http:\/\/ppg-foerderverein.de\/wp-content\/uploads\/2018\/03\/Scan_Pic0051-b1-300x200.jpg 300w, http:\/\/ppg-foerderverein.de\/wp-content\/uploads\/2018\/03\/Scan_Pic0051-b1-768x512.jpg 768w, http:\/\/ppg-foerderverein.de\/wp-content\/uploads\/2018\/03\/Scan_Pic0051-b1-1024x683.jpg 1024w, http:\/\/ppg-foerderverein.de\/wp-content\/uploads\/2018\/03\/Scan_Pic0051-b1-624x416.jpg 624w, http:\/\/ppg-foerderverein.de\/wp-content\/uploads\/2018\/03\/Scan_Pic0051-b1.jpg 1032w\" sizes=\"auto, (max-width: 300px) 100vw, 300px\" \/><\/a> <a href=\"http:\/\/ppg-foerderverein.de\/wp-content\/uploads\/2018\/03\/Scan_Pic0052-c1.jpg\"><img loading=\"lazy\" decoding=\"async\" class=\"alignnone size-medium wp-image-1887\" src=\"http:\/\/ppg-foerderverein.de\/wp-content\/uploads\/2018\/03\/Scan_Pic0052-c1-300x200.jpg\" alt=\"\" width=\"300\" height=\"200\" srcset=\"http:\/\/ppg-foerderverein.de\/wp-content\/uploads\/2018\/03\/Scan_Pic0052-c1-300x200.jpg 300w, http:\/\/ppg-foerderverein.de\/wp-content\/uploads\/2018\/03\/Scan_Pic0052-c1-768x512.jpg 768w, http:\/\/ppg-foerderverein.de\/wp-content\/uploads\/2018\/03\/Scan_Pic0052-c1-1024x683.jpg 1024w, http:\/\/ppg-foerderverein.de\/wp-content\/uploads\/2018\/03\/Scan_Pic0052-c1-624x416.jpg 624w, http:\/\/ppg-foerderverein.de\/wp-content\/uploads\/2018\/03\/Scan_Pic0052-c1.jpg 1036w\" sizes=\"auto, (max-width: 300px) 100vw, 300px\" \/><\/a><\/p>\n<p><a href=\"http:\/\/ppg-foerderverein.de\/wp-content\/uploads\/2018\/03\/Scan_Pic0050-1.jpg\"><img loading=\"lazy\" decoding=\"async\" class=\"alignnone size-medium wp-image-1882\" src=\"http:\/\/ppg-foerderverein.de\/wp-content\/uploads\/2018\/03\/Scan_Pic0050-1-300x200.jpg\" alt=\"\" width=\"300\" height=\"200\" srcset=\"http:\/\/ppg-foerderverein.de\/wp-content\/uploads\/2018\/03\/Scan_Pic0050-1-300x200.jpg 300w, http:\/\/ppg-foerderverein.de\/wp-content\/uploads\/2018\/03\/Scan_Pic0050-1-768x511.jpg 768w, http:\/\/ppg-foerderverein.de\/wp-content\/uploads\/2018\/03\/Scan_Pic0050-1-1024x682.jpg 1024w, http:\/\/ppg-foerderverein.de\/wp-content\/uploads\/2018\/03\/Scan_Pic0050-1-624x415.jpg 624w, http:\/\/ppg-foerderverein.de\/wp-content\/uploads\/2018\/03\/Scan_Pic0050-1.jpg 1193w\" sizes=\"auto, (max-width: 300px) 100vw, 300px\" \/><\/a> <a href=\"http:\/\/ppg-foerderverein.de\/wp-content\/uploads\/2018\/03\/Scan_Pic0051-1.jpg\"><img loading=\"lazy\" decoding=\"async\" class=\"alignnone size-medium wp-image-1884\" src=\"http:\/\/ppg-foerderverein.de\/wp-content\/uploads\/2018\/03\/Scan_Pic0051-1-300x200.jpg\" alt=\"\" width=\"300\" height=\"200\" srcset=\"http:\/\/ppg-foerderverein.de\/wp-content\/uploads\/2018\/03\/Scan_Pic0051-1-300x200.jpg 300w, http:\/\/ppg-foerderverein.de\/wp-content\/uploads\/2018\/03\/Scan_Pic0051-1-768x512.jpg 768w, http:\/\/ppg-foerderverein.de\/wp-content\/uploads\/2018\/03\/Scan_Pic0051-1-1024x682.jpg 1024w, http:\/\/ppg-foerderverein.de\/wp-content\/uploads\/2018\/03\/Scan_Pic0051-1-624x416.jpg 624w, http:\/\/ppg-foerderverein.de\/wp-content\/uploads\/2018\/03\/Scan_Pic0051-1.jpg 1195w\" sizes=\"auto, (max-width: 300px) 100vw, 300px\" \/><\/a> <a href=\"http:\/\/ppg-foerderverein.de\/wp-content\/uploads\/2018\/03\/Scan_Pic0052-1.jpg\"><img loading=\"lazy\" decoding=\"async\" class=\"alignnone size-medium wp-image-1886\" src=\"http:\/\/ppg-foerderverein.de\/wp-content\/uploads\/2018\/03\/Scan_Pic0052-1-300x200.jpg\" alt=\"\" width=\"300\" height=\"200\" srcset=\"http:\/\/ppg-foerderverein.de\/wp-content\/uploads\/2018\/03\/Scan_Pic0052-1-300x200.jpg 300w, http:\/\/ppg-foerderverein.de\/wp-content\/uploads\/2018\/03\/Scan_Pic0052-1-768x511.jpg 768w, http:\/\/ppg-foerderverein.de\/wp-content\/uploads\/2018\/03\/Scan_Pic0052-1-1024x682.jpg 1024w, http:\/\/ppg-foerderverein.de\/wp-content\/uploads\/2018\/03\/Scan_Pic0052-1-624x415.jpg 624w, http:\/\/ppg-foerderverein.de\/wp-content\/uploads\/2018\/03\/Scan_Pic0052-1.jpg 1193w\" sizes=\"auto, (max-width: 300px) 100vw, 300px\" \/><\/a><\/p>\n<p><a href=\"http:\/\/ppg-foerderverein.de\/wp-content\/uploads\/2018\/03\/Cover.pdf\">Cover\u00a0\u00a0\u00a0\u00a0 \u00a0 \u00a0 \u00a0\u00a0\u00a0\u00a0\u00a0 <\/a><a href=\"http:\/\/ppg-foerderverein.de\/wp-content\/uploads\/2018\/03\/Programm.pdf\">Programm\u00a0\u00a0\u00a0\u00a0\u00a0\u00a0\u00a0\u00a0\u00a0\u00a0\u00a0\u00a0\u00a0\u00a0\u00a0<\/a><a href=\"http:\/\/ppg-foerderverein.de\/wp-content\/uploads\/2018\/03\/Mitwirkende.pdf\">Mitwirkende<\/a><\/p>\n<p>Apr. 1988\u00a0\u00a0\u00a0\u00a0\u00a0\u00a0\u00a0 Kulturausflug nach Ladenburg (Ltg. Martin Schaub)<\/p>\n<p>Mai 1988\u00a0\u00a0\u00a0\u00a0\u00a0\u00a0\u00a0\u00a0 Abiturientenball des 8. Abiturjahrgangs im Kulturhaus K\u00e4fertal<\/p>\n<p>Juni 1988 \u00a0\u00a0\u00a0\u00a0\u00a0\u00a0\u00a0 Kulturausflug nach Lorsch (Ltg. Helga Weber)<\/p>\n<p>Okt. 1988\u00a0\u00a0\u00a0\u00a0\u00a0\u00a0\u00a0 Herbstwanderung in der Pfalz \u2013 Stephanstal und Falkenburg<\/p>\n<p>1988\u00a0\u00a0\u00a0\u00a0\u00a0\u00a0\u00a0\u00a0\u00a0\u00a0\u00a0\u00a0\u00a0\u00a0\u00a0 Gr\u00fcndung der AG &#8222;Freies Experimentieren&#8220; &#8211; sp\u00e4ter &#8222;Jugend-forscht-AG&#8220; &#8211; mit eigenem Sch\u00fclerlabor (Initiative: FAL StD Dr. I. Leichert)<\/p>\n<h2><span style=\"color: #0000ff;\"><strong>1989<\/strong><\/span><\/h2>\n<p>02.02.1989\u00a0\u00a0\u00a0\u00a0\u00a0 Schulfastnacht<\/p>\n<p>Apr. 1989\u00a0\u00a0\u00a0\u00a0\u00a0\u00a0\u00a0 Abiturientenball des 9. Abiturjahrgangs im Kulturhaus K\u00e4fertal<\/p>\n<p>Sept. 1989\u00a0\u00a0\u00a0\u00a0\u00a0 Septembertreff<\/p>\n<p>Okt. 1989\u00a0\u00a0\u00a0\u00a0\u00a0\u00a0\u00a0 Antrag der Schulleitung auf Planung und Bau einer schuleigenen Kletterwand<\/p>\n<p>1989\u00a0\u00a0\u00a0\u00a0\u00a0\u00a0\u00a0\u00a0\u00a0\u00a0\u00a0\u00a0 \u00a0\u00a0 Gr\u00fcndung der Jazz Band (Ltg. Kurt Himmelsbach), F\u00f6V finanziert Instrumente und technische Ger\u00e4te<\/p>\n<p>&nbsp;<\/p>\n<h2><strong>\u00a0<\/strong><\/h2>\n","protected":false},"excerpt":{"rendered":"<p>Zu den mit * markierten Veranstaltungen finden Sie weitere Bilder im &#8222;Archiv Bildergalerie&#8220;. 1987 26.02.1987\u00a0\u00a0\u00a0\u00a0\u00a0 Schulfastnacht M\u00e4rz 1987\u00a0\u00a0\u00a0\u00a0\u00a0 Kulturausflug nach Bruchsal und zum Michaelsberg bei Untergrombach (Ltg. Gottfried Becker, Helga Weber) Mai 1987\u00a0\u00a0\u00a0\u00a0\u00a0\u00a0\u00a0 Abiturientenball des 7. Abiturjahrgangs im Kulturhaus K\u00e4fertal Aug. 1987\u00a0\u00a0\u00a0\u00a0\u00a0\u00a0 Geologische Wanderung bei Heidelberg (Ltg. Gottfried Becker) Sept. 1987\u00a0\u00a0\u00a0\u00a0\u00a0 Septembertreff (zuk\u00fcnftig im Zweijahresrhythmus) [&hellip;]<\/p>\n","protected":false},"author":3,"featured_media":0,"parent":14,"menu_order":0,"comment_status":"closed","ping_status":"closed","template":"page-templates\/front-page.php","meta":{"footnotes":""},"class_list":["post-1742","page","type-page","status-publish","hentry"],"_links":{"self":[{"href":"http:\/\/ppg-foerderverein.de\/index.php?rest_route=\/wp\/v2\/pages\/1742","targetHints":{"allow":["GET"]}}],"collection":[{"href":"http:\/\/ppg-foerderverein.de\/index.php?rest_route=\/wp\/v2\/pages"}],"about":[{"href":"http:\/\/ppg-foerderverein.de\/index.php?rest_route=\/wp\/v2\/types\/page"}],"author":[{"embeddable":true,"href":"http:\/\/ppg-foerderverein.de\/index.php?rest_route=\/wp\/v2\/users\/3"}],"replies":[{"embeddable":true,"href":"http:\/\/ppg-foerderverein.de\/index.php?rest_route=%2Fwp%2Fv2%2Fcomments&post=1742"}],"version-history":[{"count":20,"href":"http:\/\/ppg-foerderverein.de\/index.php?rest_route=\/wp\/v2\/pages\/1742\/revisions"}],"predecessor-version":[{"id":2669,"href":"http:\/\/ppg-foerderverein.de\/index.php?rest_route=\/wp\/v2\/pages\/1742\/revisions\/2669"}],"up":[{"embeddable":true,"href":"http:\/\/ppg-foerderverein.de\/index.php?rest_route=\/wp\/v2\/pages\/14"}],"wp:attachment":[{"href":"http:\/\/ppg-foerderverein.de\/index.php?rest_route=%2Fwp%2Fv2%2Fmedia&parent=1742"}],"curies":[{"name":"wp","href":"https:\/\/api.w.org\/{rel}","templated":true}]}}