{"id":1726,"date":"2018-03-22T11:22:00","date_gmt":"2018-03-22T11:22:00","guid":{"rendered":"http:\/\/ppg-foerderverein.de\/?page_id=1726"},"modified":"2018-07-13T16:15:55","modified_gmt":"2018-07-13T16:15:55","slug":"1984-1986","status":"publish","type":"page","link":"http:\/\/ppg-foerderverein.de\/?page_id=1726","title":{"rendered":"1984 &#8211; 1986"},"content":{"rendered":"<p><em>Zu den mit <span style=\"color: #0000ff;\"><strong>*<\/strong> <\/span>markierten Veranstaltungen finden Sie weitere Bilder im &#8222;Archiv Bildergalerie&#8220;.<\/em><\/p>\n<h2><span style=\"color: #0000ff;\"><strong>1984<\/strong><\/span><\/h2>\n<p>01.03.1984\u00a0\u00a0\u00a0\u00a0\u00a0 Schulfastnacht<\/p>\n<p>Juni 1984\u00a0\u00a0\u00a0\u00a0\u00a0\u00a0\u00a0\u00a0 Abiturientenball des 4. Abiturjahrgangs im Freizeitheim des Gaswerks Mannheim<\/p>\n<p>Sept. 1984 \u00a0\u00a0\u00a0\u00a0\u00a0 Septembertreff<\/p>\n<p>Sept. 1984\u00a0\u00a0\u00a0\u00a0\u00a0\u00a0 Herbstwanderung in der Pfalz \u2013 von Deidesheim ins Kupferbrunnental (Ltg. Gerhard Diel, H.D. Eichler)<\/p>\n<p>Sept. 1984\u00a0\u00a0\u00a0\u00a0\u00a0\u00a0 Gr\u00fcndung der Theater-AG (Ltg. Gerd Nover, Martin Schaub), Finanzierung der B\u00fchnenelemente und der Beleuchtungsanlage<\/p>\n<p>1984\u00a0\u00a0\u00a0\u00a0\u00a0\u00a0\u00a0\u00a0\u00a0\u00a0\u00a0\u00a0\u00a0\u00a0\u00a0\u00a0 Erste Auff\u00fchrung der Tanz-AGs in der Sporthalle (Ltg. Johanna Schoch &#8211; heute Johanna Kerbs &#8211; , Iris Hoffmeister), weitere Auff\u00fchrungen zuk\u00fcnftig\u00a0\u00a0 alle 2 Jahre, F\u00f6V \u00fcbernimmt die Vorfinanzierung <strong><span style=\"color: #0000ff;\">*<\/span><\/strong><\/p>\n<h2><a href=\"http:\/\/ppg-foerderverein.de\/wp-content\/uploads\/2018\/03\/Scan_Pic0048-a.jpg\"><img loading=\"lazy\" decoding=\"async\" class=\"alignnone size-medium wp-image-1872\" src=\"http:\/\/ppg-foerderverein.de\/wp-content\/uploads\/2018\/03\/Scan_Pic0048-a-300x200.jpg\" alt=\"\" width=\"300\" height=\"200\" srcset=\"http:\/\/ppg-foerderverein.de\/wp-content\/uploads\/2018\/03\/Scan_Pic0048-a-300x200.jpg 300w, http:\/\/ppg-foerderverein.de\/wp-content\/uploads\/2018\/03\/Scan_Pic0048-a-768x512.jpg 768w, http:\/\/ppg-foerderverein.de\/wp-content\/uploads\/2018\/03\/Scan_Pic0048-a-1024x682.jpg 1024w, http:\/\/ppg-foerderverein.de\/wp-content\/uploads\/2018\/03\/Scan_Pic0048-a-624x416.jpg 624w, http:\/\/ppg-foerderverein.de\/wp-content\/uploads\/2018\/03\/Scan_Pic0048-a.jpg 1352w\" sizes=\"auto, (max-width: 300px) 100vw, 300px\" \/><\/a> <a href=\"http:\/\/ppg-foerderverein.de\/wp-content\/uploads\/2018\/03\/Scan_Pic0049-a.jpg\"><img loading=\"lazy\" decoding=\"async\" class=\"alignnone size-medium wp-image-1873\" src=\"http:\/\/ppg-foerderverein.de\/wp-content\/uploads\/2018\/03\/Scan_Pic0049-a-300x200.jpg\" alt=\"\" width=\"300\" height=\"200\" srcset=\"http:\/\/ppg-foerderverein.de\/wp-content\/uploads\/2018\/03\/Scan_Pic0049-a-300x200.jpg 300w, http:\/\/ppg-foerderverein.de\/wp-content\/uploads\/2018\/03\/Scan_Pic0049-a-768x512.jpg 768w, http:\/\/ppg-foerderverein.de\/wp-content\/uploads\/2018\/03\/Scan_Pic0049-a-1024x683.jpg 1024w, http:\/\/ppg-foerderverein.de\/wp-content\/uploads\/2018\/03\/Scan_Pic0049-a-624x416.jpg 624w, http:\/\/ppg-foerderverein.de\/wp-content\/uploads\/2018\/03\/Scan_Pic0049-a.jpg 1366w\" sizes=\"auto, (max-width: 300px) 100vw, 300px\" \/><\/a><\/h2>\n<p>Weitere Bilder\u00a0\u00a0 <a href=\"http:\/\/ppg-foerderverein.de\/wp-content\/uploads\/2018\/03\/1984-88-Auff\u00fchrungen-der-Tanz-AGs.pdf\">1984-88 Auff\u00fchrungen der Tanz-AGs<\/a><\/p>\n<h2><\/h2>\n<h2><span style=\"color: #0000ff;\"><strong>1985<\/strong><\/span><\/h2>\n<p><span style=\"color: #0000ff;\"><strong>10j\u00e4hriges Bestehen des F\u00f6rdervereins.<\/strong><\/span><\/p>\n<p>14.02.1985\u00a0\u00a0\u00a0\u00a0\u00a0 Schulfastnacht<\/p>\n<p>Juni 1985\u00a0\u00a0\u00a0\u00a0\u00a0\u00a0\u00a0\u00a0 Abiturientenball des 5. Abiturjahrgangs im Kulturhaus K\u00e4fertal<\/p>\n<p>Juli 1985\u00a0\u00a0\u00a0\u00a0\u00a0\u00a0\u00a0\u00a0\u00a0\u00a0 Mitgliederversammlung mit anschlie\u00dfender Einladung zum Sektempfang anl\u00e4sslich des 10j\u00e4hrigen Bestehens des F\u00f6rdervereins im Foyer Unterstufe <span style=\"color: #0000ff;\"><strong>*<\/strong><\/span><\/p>\n<p><a href=\"http:\/\/ppg-foerderverein.de\/wp-content\/uploads\/Berichte\/1985-10-Jahre-F\u00f6V-Oettinger.pdf\">R\u00fcckblick des Schulleiters E. Oettinger\u00a0 (Direktionspostille 85\/86)<\/a><\/p>\n<p><a href=\"http:\/\/ppg-foerderverein.de\/wp-content\/uploads\/2018\/03\/Scan_Pic0081-2.jpg\"><img loading=\"lazy\" decoding=\"async\" class=\"alignnone size-medium wp-image-1734\" src=\"http:\/\/ppg-foerderverein.de\/wp-content\/uploads\/2018\/03\/Scan_Pic0081-2-300x225.jpg\" alt=\"\" width=\"300\" height=\"225\" srcset=\"http:\/\/ppg-foerderverein.de\/wp-content\/uploads\/2018\/03\/Scan_Pic0081-2-300x225.jpg 300w, http:\/\/ppg-foerderverein.de\/wp-content\/uploads\/2018\/03\/Scan_Pic0081-2-768x577.jpg 768w, http:\/\/ppg-foerderverein.de\/wp-content\/uploads\/2018\/03\/Scan_Pic0081-2-624x469.jpg 624w, http:\/\/ppg-foerderverein.de\/wp-content\/uploads\/2018\/03\/Scan_Pic0081-2.jpg 926w\" sizes=\"auto, (max-width: 300px) 100vw, 300px\" \/><\/a> <a href=\"http:\/\/ppg-foerderverein.de\/wp-content\/uploads\/2018\/03\/Scan_Pic0085-2.jpg\"><img loading=\"lazy\" decoding=\"async\" class=\"alignnone size-medium wp-image-1735\" src=\"http:\/\/ppg-foerderverein.de\/wp-content\/uploads\/2018\/03\/Scan_Pic0085-2-300x225.jpg\" alt=\"\" width=\"300\" height=\"225\" srcset=\"http:\/\/ppg-foerderverein.de\/wp-content\/uploads\/2018\/03\/Scan_Pic0085-2-300x225.jpg 300w, http:\/\/ppg-foerderverein.de\/wp-content\/uploads\/2018\/03\/Scan_Pic0085-2-768x577.jpg 768w, http:\/\/ppg-foerderverein.de\/wp-content\/uploads\/2018\/03\/Scan_Pic0085-2-624x469.jpg 624w, http:\/\/ppg-foerderverein.de\/wp-content\/uploads\/2018\/03\/Scan_Pic0085-2.jpg 927w\" sizes=\"auto, (max-width: 300px) 100vw, 300px\" \/><\/a> <a href=\"http:\/\/ppg-foerderverein.de\/wp-content\/uploads\/2018\/03\/Scan_Pic0086-2.jpg\"><img loading=\"lazy\" decoding=\"async\" class=\"alignnone size-medium wp-image-1736\" src=\"http:\/\/ppg-foerderverein.de\/wp-content\/uploads\/2018\/03\/Scan_Pic0086-2-300x225.jpg\" alt=\"\" width=\"300\" height=\"225\" srcset=\"http:\/\/ppg-foerderverein.de\/wp-content\/uploads\/2018\/03\/Scan_Pic0086-2-300x225.jpg 300w, http:\/\/ppg-foerderverein.de\/wp-content\/uploads\/2018\/03\/Scan_Pic0086-2-768x577.jpg 768w, http:\/\/ppg-foerderverein.de\/wp-content\/uploads\/2018\/03\/Scan_Pic0086-2-624x469.jpg 624w, http:\/\/ppg-foerderverein.de\/wp-content\/uploads\/2018\/03\/Scan_Pic0086-2.jpg 927w\" sizes=\"auto, (max-width: 300px) 100vw, 300px\" \/><\/a><\/p>\n<p>Weitere Bilder\u00a0 <a href=\"http:\/\/ppg-foerderverein.de\/wp-content\/uploads\/2018\/01\/1984-10-Jahre-F\u00f6rderverein.docx.pdf\">1984 F\u00f6V 10 Jahre Empfang<\/a><\/p>\n<p>Juli 1985\u00a0\u00a0\u00a0\u00a0\u00a0\u00a0\u00a0\u00a0\u00a0\u00a0 Besuch des Planetariums Mannheim<\/p>\n<p>21.09.1985\u00a0\u00a0\u00a0\u00a0\u00a0 Herbstwanderung in der Pfalz \u2013 Vom Forsthaus Heldenstein \u00fcber die Burgruinen Meistersel und Neuscharfeneck zur Burg Ramburg (Ltg. Herr Scheffler, H.D. Eichler)<\/p>\n<p><a href=\"http:\/\/ppg-foerderverein.de\/wp-content\/uploads\/Berichte\/1985-Bericht-Herbstwanderung.pdf\">Wanderbericht\u00a0 von Ingrid Kuhr \u00a0 (Direktionspostille 85\/86)<\/a><\/p>\n<p>Sept. 1985\u00a0\u00a0\u00a0\u00a0\u00a0\u00a0 Septembertreff<\/p>\n<p><strong>\u00a0<\/strong><\/p>\n<h2><span style=\"color: #0000ff;\"><strong>1986<\/strong><\/span><\/h2>\n<p>06.02.1986\u00a0\u00a0\u00a0\u00a0\u00a0 Schulfastnacht, Organisation und Leitung: Maria Ostersehlt (&#8222;Max&#8220;) und Rita Gerber (&#8222;Moritz&#8220;)<\/p>\n<p><a href=\"http:\/\/ppg-foerderverein.de\/wp-content\/uploads\/2018\/05\/Scan_Pic0073a.jpg\"><img loading=\"lazy\" decoding=\"async\" class=\"alignnone wp-image-2442\" src=\"http:\/\/ppg-foerderverein.de\/wp-content\/uploads\/2018\/05\/Scan_Pic0073a-300x192.jpg\" alt=\"\" width=\"285\" height=\"182\" srcset=\"http:\/\/ppg-foerderverein.de\/wp-content\/uploads\/2018\/05\/Scan_Pic0073a-300x192.jpg 300w, http:\/\/ppg-foerderverein.de\/wp-content\/uploads\/2018\/05\/Scan_Pic0073a-768x492.jpg 768w, http:\/\/ppg-foerderverein.de\/wp-content\/uploads\/2018\/05\/Scan_Pic0073a-1024x656.jpg 1024w, http:\/\/ppg-foerderverein.de\/wp-content\/uploads\/2018\/05\/Scan_Pic0073a-624x400.jpg 624w, http:\/\/ppg-foerderverein.de\/wp-content\/uploads\/2018\/05\/Scan_Pic0073a.jpg 1050w\" sizes=\"auto, (max-width: 285px) 100vw, 285px\" \/><\/a> <a href=\"http:\/\/ppg-foerderverein.de\/wp-content\/uploads\/2018\/05\/Scan_Pic0076a.jpg\"><img loading=\"lazy\" decoding=\"async\" class=\"alignnone size-medium wp-image-2448\" src=\"http:\/\/ppg-foerderverein.de\/wp-content\/uploads\/2018\/05\/Scan_Pic0076a-300x183.jpg\" alt=\"\" width=\"300\" height=\"183\" srcset=\"http:\/\/ppg-foerderverein.de\/wp-content\/uploads\/2018\/05\/Scan_Pic0076a-300x183.jpg 300w, http:\/\/ppg-foerderverein.de\/wp-content\/uploads\/2018\/05\/Scan_Pic0076a-768x468.jpg 768w, http:\/\/ppg-foerderverein.de\/wp-content\/uploads\/2018\/05\/Scan_Pic0076a-624x380.jpg 624w, http:\/\/ppg-foerderverein.de\/wp-content\/uploads\/2018\/05\/Scan_Pic0076a.jpg 1002w\" sizes=\"auto, (max-width: 300px) 100vw, 300px\" \/><\/a> <a href=\"http:\/\/ppg-foerderverein.de\/wp-content\/uploads\/2018\/05\/Scan_Pic0077a.jpg\"><img loading=\"lazy\" decoding=\"async\" class=\"alignnone wp-image-2450\" src=\"http:\/\/ppg-foerderverein.de\/wp-content\/uploads\/2018\/05\/Scan_Pic0077a-300x179.jpg\" alt=\"\" width=\"307\" height=\"183\" srcset=\"http:\/\/ppg-foerderverein.de\/wp-content\/uploads\/2018\/05\/Scan_Pic0077a-300x179.jpg 300w, http:\/\/ppg-foerderverein.de\/wp-content\/uploads\/2018\/05\/Scan_Pic0077a-768x459.jpg 768w, http:\/\/ppg-foerderverein.de\/wp-content\/uploads\/2018\/05\/Scan_Pic0077a-1024x612.jpg 1024w, http:\/\/ppg-foerderverein.de\/wp-content\/uploads\/2018\/05\/Scan_Pic0077a-624x373.jpg 624w, http:\/\/ppg-foerderverein.de\/wp-content\/uploads\/2018\/05\/Scan_Pic0077a.jpg 1062w\" sizes=\"auto, (max-width: 307px) 100vw, 307px\" \/><\/a><\/p>\n<p><a href=\"http:\/\/ppg-foerderverein.de\/wp-content\/uploads\/2018\/05\/Scan_Pic0075a.jpg\"><img loading=\"lazy\" decoding=\"async\" class=\"alignnone size-medium wp-image-2446\" src=\"http:\/\/ppg-foerderverein.de\/wp-content\/uploads\/2018\/05\/Scan_Pic0075a-192x300.jpg\" alt=\"\" width=\"192\" height=\"300\" srcset=\"http:\/\/ppg-foerderverein.de\/wp-content\/uploads\/2018\/05\/Scan_Pic0075a-192x300.jpg 192w, http:\/\/ppg-foerderverein.de\/wp-content\/uploads\/2018\/05\/Scan_Pic0075a-624x973.jpg 624w, http:\/\/ppg-foerderverein.de\/wp-content\/uploads\/2018\/05\/Scan_Pic0075a.jpg 641w\" sizes=\"auto, (max-width: 192px) 100vw, 192px\" \/><\/a> <a href=\"http:\/\/ppg-foerderverein.de\/wp-content\/uploads\/2018\/05\/Scan_Pic0074a.jpg\"><img loading=\"lazy\" decoding=\"async\" class=\"alignnone size-medium wp-image-2444\" src=\"http:\/\/ppg-foerderverein.de\/wp-content\/uploads\/2018\/05\/Scan_Pic0074a-193x300.jpg\" alt=\"\" width=\"193\" height=\"300\" srcset=\"http:\/\/ppg-foerderverein.de\/wp-content\/uploads\/2018\/05\/Scan_Pic0074a-193x300.jpg 193w, http:\/\/ppg-foerderverein.de\/wp-content\/uploads\/2018\/05\/Scan_Pic0074a-659x1024.jpg 659w, http:\/\/ppg-foerderverein.de\/wp-content\/uploads\/2018\/05\/Scan_Pic0074a-624x970.jpg 624w, http:\/\/ppg-foerderverein.de\/wp-content\/uploads\/2018\/05\/Scan_Pic0074a.jpg 662w\" sizes=\"auto, (max-width: 193px) 100vw, 193px\" \/><\/a><\/p>\n<p>31.05.1986\u00a0\u00a0\u00a0\u00a0\u00a0 Kulturausflug nach Worms: \u201eGeschichtliche F\u00fchrung durch das j\u00fcdische Worms\u201c (Ltg. Walter Astor, J\u00fcrgen Stolz) <span style=\"color: #0000ff;\"><strong>*<\/strong><\/span><\/p>\n<p><a href=\"http:\/\/ppg-foerderverein.de\/wp-content\/uploads\/2018\/05\/Scan_Pic0048-2.jpg\"><img loading=\"lazy\" decoding=\"async\" class=\"alignnone size-medium wp-image-2452\" src=\"http:\/\/ppg-foerderverein.de\/wp-content\/uploads\/2018\/05\/Scan_Pic0048-2-300x169.jpg\" alt=\"\" width=\"300\" height=\"169\" srcset=\"http:\/\/ppg-foerderverein.de\/wp-content\/uploads\/2018\/05\/Scan_Pic0048-2-300x169.jpg 300w, http:\/\/ppg-foerderverein.de\/wp-content\/uploads\/2018\/05\/Scan_Pic0048-2-768x432.jpg 768w, http:\/\/ppg-foerderverein.de\/wp-content\/uploads\/2018\/05\/Scan_Pic0048-2-624x351.jpg 624w, http:\/\/ppg-foerderverein.de\/wp-content\/uploads\/2018\/05\/Scan_Pic0048-2.jpg 1023w\" sizes=\"auto, (max-width: 300px) 100vw, 300px\" \/><\/a> <a href=\"http:\/\/ppg-foerderverein.de\/wp-content\/uploads\/2018\/05\/Scan_Pic0051-2.jpg\"><img loading=\"lazy\" decoding=\"async\" class=\"alignnone size-medium wp-image-2453\" src=\"http:\/\/ppg-foerderverein.de\/wp-content\/uploads\/2018\/05\/Scan_Pic0051-2-300x169.jpg\" alt=\"\" width=\"300\" height=\"169\" srcset=\"http:\/\/ppg-foerderverein.de\/wp-content\/uploads\/2018\/05\/Scan_Pic0051-2-300x169.jpg 300w, http:\/\/ppg-foerderverein.de\/wp-content\/uploads\/2018\/05\/Scan_Pic0051-2-768x432.jpg 768w, http:\/\/ppg-foerderverein.de\/wp-content\/uploads\/2018\/05\/Scan_Pic0051-2-624x351.jpg 624w, http:\/\/ppg-foerderverein.de\/wp-content\/uploads\/2018\/05\/Scan_Pic0051-2.jpg 1016w\" sizes=\"auto, (max-width: 300px) 100vw, 300px\" \/><\/a><\/p>\n<p>Weitere Bilder\u00a0 <a href=\"http:\/\/ppg-foerderverein.de\/wp-content\/uploads\/2018\/02\/1986-Kulturausflug-nach-Worms.pptx.pdf\">1986 Kulturausflug nach Worms<\/a><\/p>\n<p>13.06.1986\u00a0\u00a0\u00a0\u00a0\u00a0 Abiturientenball des 6. Abiturjahrgangs im Kulturhaus K\u00e4fertal<\/p>\n<p>05.07.1986 \u00a0\u00a0\u00a0\u00a0Geologische Wanderung l\u00e4ngs der Bergstra\u00dfe<\/p>\n<p>20.09.1986\u00a0\u00a0\u00a0\u00a0\u00a0 Septembertreff<\/p>\n<p>04.10.1986\u00a0\u00a0\u00a0\u00a0\u00a0 Herbstwanderung in der Pfalz \u2013 von Bad D\u00fcrkheim ins Klaustal (Ltg. Gerhard Diel, H.D. Eichler)<\/p>\n<p>Okt. 1986\u00a0\u00a0\u00a0\u00a0\u00a0\u00a0\u00a0 Kulturausflug: Erl\u00e4uterung des Sternenhimmels im Planetarium Mannheim mit anschlie\u00dfender Fahrt zur Sternwarte Schriesheim zur Direktbeobachtung<\/p>\n<p>1986 \u00a0\u00a0\u00a0\u00a0\u00a0\u00a0\u00a0\u00a0\u00a0\u00a0\u00a0\u00a0\u00a0\u00a0 <strong>Gr\u00fcndung der schuleigenen Musikschule<\/strong> (Ltg. Peter Imhof), F\u00f6V \u00fcbernimmt die finanzielle Absicherung f\u00fcr die Anfangszeit<\/p>\n<p>1986\u00a0\u00a0\u00a0\u00a0\u00a0\u00a0\u00a0\u00a0\u00a0\u00a0\u00a0\u00a0\u00a0\u00a0 Zweite Auff\u00fchrung der Tanz-AGs <span style=\"color: #0000ff;\"><strong>*\u00a0 <\/strong><span style=\"color: #000000;\">an 2 Abenden<br \/>\n<\/span><\/span><\/p>\n<p><a href=\"http:\/\/ppg-foerderverein.de\/wp-content\/uploads\/2018\/03\/Scan_Pic0050-a.jpg\"><img loading=\"lazy\" decoding=\"async\" class=\"alignnone size-medium wp-image-1894\" src=\"http:\/\/ppg-foerderverein.de\/wp-content\/uploads\/2018\/03\/Scan_Pic0050-a-300x200.jpg\" alt=\"\" width=\"300\" height=\"200\" srcset=\"http:\/\/ppg-foerderverein.de\/wp-content\/uploads\/2018\/03\/Scan_Pic0050-a-300x200.jpg 300w, http:\/\/ppg-foerderverein.de\/wp-content\/uploads\/2018\/03\/Scan_Pic0050-a-768x513.jpg 768w, http:\/\/ppg-foerderverein.de\/wp-content\/uploads\/2018\/03\/Scan_Pic0050-a-624x416.jpg 624w, http:\/\/ppg-foerderverein.de\/wp-content\/uploads\/2018\/03\/Scan_Pic0050-a.jpg 1019w\" sizes=\"auto, (max-width: 300px) 100vw, 300px\" \/><\/a> <a href=\"http:\/\/ppg-foerderverein.de\/wp-content\/uploads\/2018\/03\/Scan_Pic0051-a.jpg\"><img loading=\"lazy\" decoding=\"async\" class=\"alignnone size-medium wp-image-1895\" src=\"http:\/\/ppg-foerderverein.de\/wp-content\/uploads\/2018\/03\/Scan_Pic0051-a-300x200.jpg\" alt=\"\" width=\"300\" height=\"200\" srcset=\"http:\/\/ppg-foerderverein.de\/wp-content\/uploads\/2018\/03\/Scan_Pic0051-a-300x200.jpg 300w, http:\/\/ppg-foerderverein.de\/wp-content\/uploads\/2018\/03\/Scan_Pic0051-a-768x512.jpg 768w, http:\/\/ppg-foerderverein.de\/wp-content\/uploads\/2018\/03\/Scan_Pic0051-a-1024x683.jpg 1024w, http:\/\/ppg-foerderverein.de\/wp-content\/uploads\/2018\/03\/Scan_Pic0051-a-624x416.jpg 624w, http:\/\/ppg-foerderverein.de\/wp-content\/uploads\/2018\/03\/Scan_Pic0051-a.jpg 1029w\" sizes=\"auto, (max-width: 300px) 100vw, 300px\" \/><\/a> <a href=\"http:\/\/ppg-foerderverein.de\/wp-content\/uploads\/2018\/03\/Scan_Pic0052-a.jpg\"><img loading=\"lazy\" decoding=\"async\" class=\"alignnone size-medium wp-image-1896\" src=\"http:\/\/ppg-foerderverein.de\/wp-content\/uploads\/2018\/03\/Scan_Pic0052-a-300x200.jpg\" alt=\"\" width=\"300\" height=\"200\" srcset=\"http:\/\/ppg-foerderverein.de\/wp-content\/uploads\/2018\/03\/Scan_Pic0052-a-300x200.jpg 300w, http:\/\/ppg-foerderverein.de\/wp-content\/uploads\/2018\/03\/Scan_Pic0052-a-768x513.jpg 768w, http:\/\/ppg-foerderverein.de\/wp-content\/uploads\/2018\/03\/Scan_Pic0052-a-624x416.jpg 624w, http:\/\/ppg-foerderverein.de\/wp-content\/uploads\/2018\/03\/Scan_Pic0052-a.jpg 968w\" sizes=\"auto, (max-width: 300px) 100vw, 300px\" \/><\/a><\/p>\n","protected":false},"excerpt":{"rendered":"<p>Zu den mit * markierten Veranstaltungen finden Sie weitere Bilder im &#8222;Archiv Bildergalerie&#8220;. 1984 01.03.1984\u00a0\u00a0\u00a0\u00a0\u00a0 Schulfastnacht Juni 1984\u00a0\u00a0\u00a0\u00a0\u00a0\u00a0\u00a0\u00a0 Abiturientenball des 4. Abiturjahrgangs im Freizeitheim des Gaswerks Mannheim Sept. 1984 \u00a0\u00a0\u00a0\u00a0\u00a0 Septembertreff Sept. 1984\u00a0\u00a0\u00a0\u00a0\u00a0\u00a0 Herbstwanderung in der Pfalz \u2013 von Deidesheim ins Kupferbrunnental (Ltg. Gerhard Diel, H.D. Eichler) Sept. 1984\u00a0\u00a0\u00a0\u00a0\u00a0\u00a0 Gr\u00fcndung der Theater-AG (Ltg. Gerd Nover, [&hellip;]<\/p>\n","protected":false},"author":3,"featured_media":0,"parent":14,"menu_order":0,"comment_status":"closed","ping_status":"closed","template":"page-templates\/front-page.php","meta":{"footnotes":""},"class_list":["post-1726","page","type-page","status-publish","hentry"],"_links":{"self":[{"href":"http:\/\/ppg-foerderverein.de\/index.php?rest_route=\/wp\/v2\/pages\/1726","targetHints":{"allow":["GET"]}}],"collection":[{"href":"http:\/\/ppg-foerderverein.de\/index.php?rest_route=\/wp\/v2\/pages"}],"about":[{"href":"http:\/\/ppg-foerderverein.de\/index.php?rest_route=\/wp\/v2\/types\/page"}],"author":[{"embeddable":true,"href":"http:\/\/ppg-foerderverein.de\/index.php?rest_route=\/wp\/v2\/users\/3"}],"replies":[{"embeddable":true,"href":"http:\/\/ppg-foerderverein.de\/index.php?rest_route=%2Fwp%2Fv2%2Fcomments&post=1726"}],"version-history":[{"count":38,"href":"http:\/\/ppg-foerderverein.de\/index.php?rest_route=\/wp\/v2\/pages\/1726\/revisions"}],"predecessor-version":[{"id":3231,"href":"http:\/\/ppg-foerderverein.de\/index.php?rest_route=\/wp\/v2\/pages\/1726\/revisions\/3231"}],"up":[{"embeddable":true,"href":"http:\/\/ppg-foerderverein.de\/index.php?rest_route=\/wp\/v2\/pages\/14"}],"wp:attachment":[{"href":"http:\/\/ppg-foerderverein.de\/index.php?rest_route=%2Fwp%2Fv2%2Fmedia&parent=1726"}],"curies":[{"name":"wp","href":"https:\/\/api.w.org\/{rel}","templated":true}]}}