{"id":1472,"date":"2018-03-19T19:46:20","date_gmt":"2018-03-19T19:46:20","guid":{"rendered":"http:\/\/ppg-foerderverein.de\/?page_id=1472"},"modified":"2025-06-04T12:52:19","modified_gmt":"2025-06-04T12:52:19","slug":"impressum","status":"publish","type":"page","link":"http:\/\/ppg-foerderverein.de\/?page_id=1472","title":{"rendered":"Impressum\/Datenschutzerkl\u00e4rung"},"content":{"rendered":"<p><strong>Webseite der Vereinigung der Freunde des Johanna-Geissmar-Gymnasiums Mannheim<\/strong><\/p>\n<p><strong>Herausgeber<\/strong><br \/>\nVereinigung der Freunde des Johanna-Geissmar-Gymnasiums e.V.<br \/>\nL\u00f6tzener Weg 2-4<br \/>\n68307 Mannheim<br \/>\nTel. 0621 293-18710<br \/>\nFax 0621 293-187111<br \/>\nE-Mail: <a href=\"mailto:Sekretariat@JGG-Mannheim.de\">info@jgg-foerderverein.de<\/a><\/p>\n<div>Der Verein ist unter der Nummer VR 914 im Vereinsregister des Amtsgerichts<\/div>\n<div>Mannheim eingetragen.<\/div>\n<p><strong><br \/>\nVorstand\u00a0\u00a0\u00a0\u00a0\u00a0\u00a0\u00a0\u00a0\u00a0\u00a0\u00a0\u00a0\u00a0\u00a0\u00a0\u00a0\u00a0\u00a0\u00a0\u00a0\u00a0\u00a0\u00a0\u00a0\u00a0\u00a0\u00a0\u00a0\u00a0\u00a0\u00a0\u00a0\u00a0\u00a0\u00a0\u00a0\u00a0\u00a0\u00a0\u00a0\u00a0\u00a0\u00a0\u00a0\u00a0\u00a0\u00a0\u00a0\u00a0\u00a0\u00a0\u00a0\u00a0\u00a0\u00a0\u00a0\u00a0\u00a0\u00a0\u00a0\u00a0\u00a0\u00a0\u00a0\u00a0\u00a0\u00a0\u00a0\u00a0\u00a0\u00a0\u00a0\u00a0\u00a0\u00a0\u00a0\u00a0\u00a0\u00a0\u00a0\u00a0\u00a0\u00a0\u00a0\u00a0\u00a0\u00a0\u00a0\u00a0\u00a0\u00a0\u00a0\u00a0\u00a0\u00a0\u00a0\u00a0\u00a0\u00a0\u00a0\u00a0\u00a0\u00a0\u00a0\u00a0\u00a0\u00a0\u00a0\u00a0\u00a0\u00a0\u00a0\u00a0\u00a0\u00a0\u00a0\u00a0\u00a0\u00a0\u00a0\u00a0\u00a0\u00a0\u00a0\u00a0\u00a0\u00a0\u00a0\u00a0\u00a0\u00a0\u00a0\u00a0\u00a0\u00a0\u00a0\u00a0\u00a0\u00a0\u00a0\u00a0\u00a0\u00a0\u00a0\u00a0\u00a0\u00a0 <\/strong>Vorsitzende: Jana K\u00f6llner<br \/>\nStellv. Vorsitzender: Karin Kofler<\/p>\n<p><strong>Programmierung und Design<br \/>\n<\/strong>Jana K\u00f6llner<\/p>\n<p><strong>Webmaster<br \/>\n<\/strong>Jana K\u00f6llner<\/p>\n<p>&nbsp;<\/p>\n<table width=\"625\">\n<tbody>\n<tr>\n<td><strong>Haftungsbeschr\u00e4nkung<\/strong><\/p>\n<div class=\"std_text_oberhalb\">\n<p>Die Inhalte dieser Website werden mit gr\u00f6\u00dftm\u00f6glicher Sorgfalt erstellt. Der Anbieter \u00fcbernimmt jedoch keine Gew\u00e4hr f\u00fcr die Richtigkeit, Vollst\u00e4ndigkeit und Aktualit\u00e4t der bereitgestellten Inhalte. Die Nutzung der Inhalte der Website erfolgt auf eigene Gefahr des Nutzers. Namentlich gekennzeichnete Beitr\u00e4ge geben die Meinung des jeweiligen Autors und nicht immer die Meinung des Anbieters wieder. Mit der reinen Nutzung der Website des Anbieters kommt keinerlei Vertragsverh\u00e4ltnis zwischen dem Nutzer und dem Anbieter zustande.<\/p>\n<\/div>\n<div class=\"std_text_oberhalb\">\n<p><strong>Externe Links<\/strong><\/p>\n<p>Diese Website enth\u00e4lt Verkn\u00fcpfungen zu Websites Dritter (\u201eexterne Links\u201c). Diese Websites unterliegen der Haftung der jeweiligen Betreiber. Der Anbieter hat bei der erstmaligen Verkn\u00fcpfung der externen Links die fremden Inhalte daraufhin \u00fcberpr\u00fcft, ob etwaige Rechtsverst\u00f6\u00dfe bestehen. Zu dem Zeitpunkt waren keine Rechtsverst\u00f6\u00dfe ersichtlich. Der Anbieter hat keinerlei Einfluss auf die aktuelle und zuk\u00fcnftige Gestaltung und auf die Inhalte der verkn\u00fcpften Seiten. Das Setzen von externen Links bedeutet nicht, dass sich der Anbieter die hinter dem Verweis oder Link liegenden Inhalte zu Eigen macht. Eine st\u00e4ndige Kontrolle der externen Links ist f\u00fcr den Anbieter ohne konkrete Hinweise auf Rechtsverst\u00f6\u00dfe nicht zumutbar. Bei Kenntnis von Rechtsverst\u00f6\u00dfen werden jedoch derartige externe Links unverz\u00fcglich gel\u00f6scht.<\/p>\n<\/div>\n<div class=\"std_text_oberhalb\">\n<p><strong>Urheber- und Leistungsschutzreche<\/strong><\/p>\n<p>Die auf dieser Website ver\u00f6ffentlichten Inhalte unterliegen dem deutschen Urheber- und Leistungsschutzrecht. Jede vom deutschen Urheber- und Leistungsschutzrecht nicht zugelassene Verwertung bedarf der vorherigen schriftlichen Zustimmung des Anbieters oder jeweiligen Rechteinhabers. Dies gilt insbesondere f\u00fcr Vervielf\u00e4ltigung, Bearbeitung, \u00dcbersetzung, Einspeicherung, Verarbeitung bzw. Wiedergabe von Inhalten in Datenbanken oder anderen elektronischen Medien und Systemen. Inhalte und Rechte Dritter sind dabei als solche gekennzeichnet. Die unerlaubte Vervielf\u00e4ltigung oder Weitergabe einzelner Inhalte oder kompletter Seiten ist nicht gestattet und strafbar. Lediglich die Herstellung von Kopien und Downloads f\u00fcr den pers\u00f6nlichen, privaten und nicht kommerziellen Gebrauch ist erlaubt.<\/p>\n<p class=\"style8\"><strong><span class=\"style3\">Keine Abmahnung ohne vorherigen Kontakt!<\/span><\/strong><\/p>\n<p class=\"style8\"><span class=\"style3\">Sollten Inhalt oder Gestaltung dieser Seiten Rechte Dritter oder gesetzliche Bestimmungen verletzen, wird um eine entsprechende kostenfreie Nachricht gebeten. <\/span>Die Vereinigung der Freunde des Johanna Geissmar Gymnasiums garantiert, dass zu Recht beanstandeter Inhalt unverz\u00fcglich entfernt oder unzul\u00e4ssige Gestaltungen beseitigt werden, ohne dass die Einschaltung eines Rechtsbeistandes erforderlich ist. Ohne vorherige Kontaktaufnahme verursachte Kosten werden nicht akzeptiert und k\u00f6nnen zu einer Gegenklage wegen Verletzung dieser Bestimmungen f\u00fchren.<\/p>\n<p><strong>Datenschutz<\/strong><\/p>\n<p>Datenschutz ist Vertrauenssache und Ihr Vertrauen ist uns wichtig. Wir respektieren Ihre Privats- und Pers\u00f6nlichkeitssph\u00e4re. Der Schutz und die gesetzeskonforme Erhebung, Verarbeitung und Nutzung Ihrer personenbezogenen Daten ist daher f\u00fcr uns ein wichtiges Anliegen. Damit Sie sich bei dem Besuch unserer Webseiten sicher f\u00fchlen, beachten wir bei der Verarbeitung Ihrer personenbezogenen Daten streng die gesetzlichen Bestimmungen.<\/p>\n<p>Die verwendeten Bilder stammen aus unseren und privaten Archiven. Leider k\u00f6nnen nicht alle davon zur\u00fcckverfolgt werden. Sollte jemand Einw\u00e4nde zur Verwendung haben, bitten wir die Personen, uns zu kontaktieren.<\/p>\n<p>Nach dem Bundesdatenschutzgesetz haben Sie ein Recht auf unentgeltliche Auskunft \u00fcber ihre gespeicherten Daten sowie ggf. ein Recht auf Berichtigung, Sperrung oder L\u00f6schung von Daten.<br \/>\nDen Schutz Ihrer Daten nehmen wir sehr ernst. Um sicherzustellen, dass personenbezogene Daten nicht an Dritte herausgegeben werden, richten Sie Ihre Anfrage bitte per E-Mail, Fax oder Brief unter eindeutiger Identifizierung Ihrer Person an:<\/p>\n<p>Vereinigung der Freunde des Johanna-Geissmar-Gymnasiums<br \/>\nL\u00f6tzener Weg 2-4<br \/>\n68307 Mannheim<br \/>\nTel. 0621 293-18710<br \/>\nFax 0621 293-187111<br \/>\nE-Mail: <a href=\"mailto:Sekretariat@JGG-Mannheim.de\">info@jgg-foerderverein.de<\/a><\/p>\n<\/div>\n<\/td>\n<\/tr>\n<\/tbody>\n<\/table>\n","protected":false},"excerpt":{"rendered":"<p>Webseite der Vereinigung der Freunde des Johanna-Geissmar-Gymnasiums Mannheim Herausgeber Vereinigung der Freunde des Johanna-Geissmar-Gymnasiums e.V. L\u00f6tzener Weg 2-4 68307 Mannheim Tel. 0621 293-18710 Fax 0621 293-187111 E-Mail: info@jgg-foerderverein.de Der Verein ist unter der Nummer VR 914 im Vereinsregister des Amtsgerichts Mannheim eingetragen. Vorstand\u00a0\u00a0\u00a0\u00a0\u00a0\u00a0\u00a0\u00a0\u00a0\u00a0\u00a0\u00a0\u00a0\u00a0\u00a0\u00a0\u00a0\u00a0\u00a0\u00a0\u00a0\u00a0\u00a0\u00a0\u00a0\u00a0\u00a0\u00a0\u00a0\u00a0\u00a0\u00a0\u00a0\u00a0\u00a0\u00a0\u00a0\u00a0\u00a0\u00a0\u00a0\u00a0\u00a0\u00a0\u00a0\u00a0\u00a0\u00a0\u00a0\u00a0\u00a0\u00a0\u00a0\u00a0\u00a0\u00a0\u00a0\u00a0\u00a0\u00a0\u00a0\u00a0\u00a0\u00a0\u00a0\u00a0\u00a0\u00a0\u00a0\u00a0\u00a0\u00a0\u00a0\u00a0\u00a0\u00a0\u00a0\u00a0\u00a0\u00a0\u00a0\u00a0\u00a0\u00a0\u00a0\u00a0\u00a0\u00a0\u00a0\u00a0\u00a0\u00a0\u00a0\u00a0\u00a0\u00a0\u00a0\u00a0\u00a0\u00a0\u00a0\u00a0\u00a0\u00a0\u00a0\u00a0\u00a0\u00a0\u00a0\u00a0\u00a0\u00a0\u00a0\u00a0\u00a0\u00a0\u00a0\u00a0\u00a0\u00a0\u00a0\u00a0\u00a0\u00a0\u00a0\u00a0\u00a0\u00a0\u00a0\u00a0\u00a0\u00a0\u00a0\u00a0\u00a0\u00a0\u00a0\u00a0\u00a0\u00a0\u00a0\u00a0\u00a0\u00a0\u00a0\u00a0\u00a0 Vorsitzende: Jana K\u00f6llner Stellv. Vorsitzender: Karin Kofler Programmierung und Design Jana K\u00f6llner [&hellip;]<\/p>\n","protected":false},"author":3,"featured_media":0,"parent":0,"menu_order":0,"comment_status":"closed","ping_status":"closed","template":"","meta":{"footnotes":""},"class_list":["post-1472","page","type-page","status-publish","hentry"],"_links":{"self":[{"href":"http:\/\/ppg-foerderverein.de\/index.php?rest_route=\/wp\/v2\/pages\/1472","targetHints":{"allow":["GET"]}}],"collection":[{"href":"http:\/\/ppg-foerderverein.de\/index.php?rest_route=\/wp\/v2\/pages"}],"about":[{"href":"http:\/\/ppg-foerderverein.de\/index.php?rest_route=\/wp\/v2\/types\/page"}],"author":[{"embeddable":true,"href":"http:\/\/ppg-foerderverein.de\/index.php?rest_route=\/wp\/v2\/users\/3"}],"replies":[{"embeddable":true,"href":"http:\/\/ppg-foerderverein.de\/index.php?rest_route=%2Fwp%2Fv2%2Fcomments&post=1472"}],"version-history":[{"count":16,"href":"http:\/\/ppg-foerderverein.de\/index.php?rest_route=\/wp\/v2\/pages\/1472\/revisions"}],"predecessor-version":[{"id":4283,"href":"http:\/\/ppg-foerderverein.de\/index.php?rest_route=\/wp\/v2\/pages\/1472\/revisions\/4283"}],"wp:attachment":[{"href":"http:\/\/ppg-foerderverein.de\/index.php?rest_route=%2Fwp%2Fv2%2Fmedia&parent=1472"}],"curies":[{"name":"wp","href":"https:\/\/api.w.org\/{rel}","templated":true}]}}