{"id":1351,"date":"2018-03-20T21:06:39","date_gmt":"2018-03-20T21:06:39","guid":{"rendered":"http:\/\/ppg-foerderverein.de\/?page_id=1351"},"modified":"2020-10-22T12:13:59","modified_gmt":"2020-10-22T12:13:59","slug":"1974-1975","status":"publish","type":"page","link":"http:\/\/ppg-foerderverein.de\/?page_id=1351","title":{"rendered":"1974 &#8211; 1975"},"content":{"rendered":"<p><em>Zu den mit <strong><span style=\"color: #0000ff;\">*<\/span><\/strong> markierten Veranstaltungen finden Sie weitere Bilder im &#8222;Archiv Bildergalerie&#8220;.<\/em><\/p>\n<h2><span style=\"color: #0000ff;\"><strong>1974<\/strong><\/span><\/h2>\n<p><span style=\"color: #0000ff;\"><strong>Gr\u00fcndungsjahr des F\u00f6rdervereins<\/strong><\/span><\/p>\n<p>22.10.1974&nbsp;&nbsp;&nbsp;&nbsp;&nbsp; Gr\u00fcndungsversammlung des F\u00f6rdervereins mit 32 Gr\u00fcndungsmitgliedern. Die Initiative kam aus dem damaligen Elternbeirat.<strong><span style=\"color: #0000ff;\">*<\/span><\/strong><\/p>\n<p><a href=\"http:\/\/ppg-foerderverein.de\/wp-content\/uploads\/2018\/03\/Scan_Pic0048-1024x707-4.jpg\"><img loading=\"lazy\" decoding=\"async\" class=\"alignnone size-medium wp-image-1555\" src=\"http:\/\/ppg-foerderverein.de\/wp-content\/uploads\/2018\/03\/Scan_Pic0048-1024x707-4-300x169.jpg\" alt=\"\" width=\"300\" height=\"169\" srcset=\"http:\/\/ppg-foerderverein.de\/wp-content\/uploads\/2018\/03\/Scan_Pic0048-1024x707-4-300x169.jpg 300w, http:\/\/ppg-foerderverein.de\/wp-content\/uploads\/2018\/03\/Scan_Pic0048-1024x707-4-768x432.jpg 768w, http:\/\/ppg-foerderverein.de\/wp-content\/uploads\/2018\/03\/Scan_Pic0048-1024x707-4-624x351.jpg 624w, http:\/\/ppg-foerderverein.de\/wp-content\/uploads\/2018\/03\/Scan_Pic0048-1024x707-4.jpg 940w\" sizes=\"auto, (max-width: 300px) 100vw, 300px\" \/><\/a> <a href=\"http:\/\/ppg-foerderverein.de\/wp-content\/uploads\/2018\/03\/Scan_Pic0070-1024x698-2.jpg\"><img loading=\"lazy\" decoding=\"async\" class=\"alignnone size-medium wp-image-1557\" src=\"http:\/\/ppg-foerderverein.de\/wp-content\/uploads\/2018\/03\/Scan_Pic0070-1024x698-2-300x168.jpg\" alt=\"\" width=\"300\" height=\"168\" srcset=\"http:\/\/ppg-foerderverein.de\/wp-content\/uploads\/2018\/03\/Scan_Pic0070-1024x698-2-300x168.jpg 300w, http:\/\/ppg-foerderverein.de\/wp-content\/uploads\/2018\/03\/Scan_Pic0070-1024x698-2-768x431.jpg 768w, http:\/\/ppg-foerderverein.de\/wp-content\/uploads\/2018\/03\/Scan_Pic0070-1024x698-2.jpg 1024w, http:\/\/ppg-foerderverein.de\/wp-content\/uploads\/2018\/03\/Scan_Pic0070-1024x698-2-624x350.jpg 624w\" sizes=\"auto, (max-width: 300px) 100vw, 300px\" \/><\/a> <a href=\"http:\/\/ppg-foerderverein.de\/wp-content\/uploads\/2018\/03\/Scan_Pic0050-68-976x624-2.jpg\"><img loading=\"lazy\" decoding=\"async\" class=\"alignnone size-medium wp-image-1556\" src=\"http:\/\/ppg-foerderverein.de\/wp-content\/uploads\/2018\/03\/Scan_Pic0050-68-976x624-2-300x169.jpg\" alt=\"\" width=\"300\" height=\"169\" srcset=\"http:\/\/ppg-foerderverein.de\/wp-content\/uploads\/2018\/03\/Scan_Pic0050-68-976x624-2-300x169.jpg 300w, http:\/\/ppg-foerderverein.de\/wp-content\/uploads\/2018\/03\/Scan_Pic0050-68-976x624-2-768x432.jpg 768w, http:\/\/ppg-foerderverein.de\/wp-content\/uploads\/2018\/03\/Scan_Pic0050-68-976x624-2-624x351.jpg 624w, http:\/\/ppg-foerderverein.de\/wp-content\/uploads\/2018\/03\/Scan_Pic0050-68-976x624-2.jpg 976w\" sizes=\"auto, (max-width: 300px) 100vw, 300px\" \/><\/a><em>&nbsp;<\/em><\/p>\n<p>Weitere Bilder&nbsp; <a href=\"http:\/\/ppg-foerderverein.de\/wp-content\/uploads\/2018\/01\/1974-Gr\u00fcndungsversammlung.docx.pdf\">1974 F\u00f6V Gr\u00fcndungsversammlung<\/a><\/p>\n<p><a href=\"http:\/\/ppg-foerderverein.de\/wp-content\/uploads\/2018\/02\/Aufruf-Gr\u00fcndungsversammlung-komplett.pdf\">Aufruf zur Gr\u00fcndungsversammlung des F\u00f6V<\/a><\/p>\n<p><a href=\"http:\/\/ppg-foerderverein.de\/wp-content\/uploads\/2018\/02\/Einladung-Gr\u00fcnderversammlung-neu.pdf\">Einladung zur Gr\u00fcndungsversammlung des F\u00f6V<\/a><\/p>\n<p><a href=\"http:\/\/ppg-foerderverein.de\/wp-content\/uploads\/2018\/02\/Gr\u00fcndungsmitglieder.docx.pdf\">Gr\u00fcndungsmitglieder des F\u00f6V (Anwesenheitsliste bei der Gr\u00fcndungsversammlung)<\/a><\/p>\n<p>&nbsp;<\/p>\n<h2><span style=\"color: #0000ff;\"><strong>1975<\/strong><\/span><\/h2>\n<p>15.01.1975&nbsp;&nbsp;&nbsp;&nbsp;&nbsp; Au\u00dferordentliche Mitgliederversammlung<\/p>\n<p>06.02.1975&nbsp;&nbsp;&nbsp;&nbsp;&nbsp;&nbsp; Erste Schulfastnacht (zuk\u00fcnftig j\u00e4hrlich, jeweils am Schmutzingen Donnerstag \/ Weiberfastnacht)<\/p>\n<p>19.02.1975&nbsp;&nbsp;&nbsp;&nbsp;&nbsp; Vortrag von Prof. Dr. Elfriede H\u00f6hn, Erziehungswissenschaftlerin an der Universit\u00e4t Mannheim: \u201eLernschwierigkeiten in der Pubert\u00e4t\u201c<\/p>\n<p>10.05.1975&nbsp;&nbsp;&nbsp;&nbsp;&nbsp; Erste Wanderung des F\u00f6V auf den Dilsberg <span style=\"color: #0000ff;\">*<\/span><\/p>\n<p><a href=\"http:\/\/ppg-foerderverein.de\/wp-content\/uploads\/2018\/03\/Scan_Pic0052-1006x693-2.jpg\"><img loading=\"lazy\" decoding=\"async\" class=\"alignnone size-medium wp-image-1560\" src=\"http:\/\/ppg-foerderverein.de\/wp-content\/uploads\/2018\/03\/Scan_Pic0052-1006x693-2-300x169.jpg\" alt=\"\" width=\"300\" height=\"169\" srcset=\"http:\/\/ppg-foerderverein.de\/wp-content\/uploads\/2018\/03\/Scan_Pic0052-1006x693-2-300x169.jpg 300w, http:\/\/ppg-foerderverein.de\/wp-content\/uploads\/2018\/03\/Scan_Pic0052-1006x693-2-768x433.jpg 768w, http:\/\/ppg-foerderverein.de\/wp-content\/uploads\/2018\/03\/Scan_Pic0052-1006x693-2-624x351.jpg 624w, http:\/\/ppg-foerderverein.de\/wp-content\/uploads\/2018\/03\/Scan_Pic0052-1006x693-2.jpg 1005w\" sizes=\"auto, (max-width: 300px) 100vw, 300px\" \/><\/a> <a href=\"http:\/\/ppg-foerderverein.de\/wp-content\/uploads\/2018\/03\/Scan_Pic0057-2-1010x569.jpg\"><img loading=\"lazy\" decoding=\"async\" class=\"alignnone size-medium wp-image-1645\" src=\"http:\/\/ppg-foerderverein.de\/wp-content\/uploads\/2018\/03\/Scan_Pic0057-2-1010x569-300x169.jpg\" alt=\"\" width=\"300\" height=\"169\" srcset=\"http:\/\/ppg-foerderverein.de\/wp-content\/uploads\/2018\/03\/Scan_Pic0057-2-1010x569-300x169.jpg 300w, http:\/\/ppg-foerderverein.de\/wp-content\/uploads\/2018\/03\/Scan_Pic0057-2-1010x569-768x433.jpg 768w, http:\/\/ppg-foerderverein.de\/wp-content\/uploads\/2018\/03\/Scan_Pic0057-2-1010x569-624x352.jpg 624w, http:\/\/ppg-foerderverein.de\/wp-content\/uploads\/2018\/03\/Scan_Pic0057-2-1010x569.jpg 1010w\" sizes=\"auto, (max-width: 300px) 100vw, 300px\" \/><\/a> <a href=\"http:\/\/ppg-foerderverein.de\/wp-content\/uploads\/2018\/03\/Scan_Pic0063-996x683-2.jpg\"><img loading=\"lazy\" decoding=\"async\" class=\"alignnone size-medium wp-image-1561\" src=\"http:\/\/ppg-foerderverein.de\/wp-content\/uploads\/2018\/03\/Scan_Pic0063-996x683-2-300x169.jpg\" alt=\"\" width=\"300\" height=\"169\" srcset=\"http:\/\/ppg-foerderverein.de\/wp-content\/uploads\/2018\/03\/Scan_Pic0063-996x683-2-300x169.jpg 300w, http:\/\/ppg-foerderverein.de\/wp-content\/uploads\/2018\/03\/Scan_Pic0063-996x683-2-768x432.jpg 768w, http:\/\/ppg-foerderverein.de\/wp-content\/uploads\/2018\/03\/Scan_Pic0063-996x683-2-624x351.jpg 624w, http:\/\/ppg-foerderverein.de\/wp-content\/uploads\/2018\/03\/Scan_Pic0063-996x683-2.jpg 996w\" sizes=\"auto, (max-width: 300px) 100vw, 300px\" \/><\/a><\/p>\n<p>Weitere Bilder&nbsp; <a href=\"http:\/\/ppg-foerderverein.de\/wp-content\/uploads\/2018\/02\/1975-Wanderung-zum-Dilsberg.docx.pdf\">1975 F\u00f6V Wanderung zum Dilsberg<\/a><\/p>\n<p>15.09.1975&nbsp;&nbsp;&nbsp;&nbsp;&nbsp; Baubeginn des Neubaus des naturwissenschaftlichen Fachgeb\u00e4udes im Bildungszentrum Sch\u00f6nau, Baukosten: 4.437.000 DM<\/p>\n<p><a href=\"http:\/\/ppg-foerderverein.de\/wp-content\/uploads\/2018\/03\/1-1001x674.jpg\"><img loading=\"lazy\" decoding=\"async\" class=\"alignnone size-medium wp-image-1581\" src=\"http:\/\/ppg-foerderverein.de\/wp-content\/uploads\/2018\/03\/1-1001x674-300x202.jpg\" alt=\"\" width=\"300\" height=\"202\" srcset=\"http:\/\/ppg-foerderverein.de\/wp-content\/uploads\/2018\/03\/1-1001x674-300x202.jpg 300w, http:\/\/ppg-foerderverein.de\/wp-content\/uploads\/2018\/03\/1-1001x674-768x517.jpg 768w, http:\/\/ppg-foerderverein.de\/wp-content\/uploads\/2018\/03\/1-1001x674-624x420.jpg 624w, http:\/\/ppg-foerderverein.de\/wp-content\/uploads\/2018\/03\/1-1001x674.jpg 1001w\" sizes=\"auto, (max-width: 300px) 100vw, 300px\" \/><\/a> <a href=\"http:\/\/ppg-foerderverein.de\/wp-content\/uploads\/2018\/03\/2-1024x692.jpg\"><img loading=\"lazy\" decoding=\"async\" class=\"alignnone size-medium wp-image-1582\" src=\"http:\/\/ppg-foerderverein.de\/wp-content\/uploads\/2018\/03\/2-1024x692-300x203.jpg\" alt=\"\" width=\"300\" height=\"203\" srcset=\"http:\/\/ppg-foerderverein.de\/wp-content\/uploads\/2018\/03\/2-1024x692-300x203.jpg 300w, http:\/\/ppg-foerderverein.de\/wp-content\/uploads\/2018\/03\/2-1024x692-768x519.jpg 768w, http:\/\/ppg-foerderverein.de\/wp-content\/uploads\/2018\/03\/2-1024x692.jpg 1024w, http:\/\/ppg-foerderverein.de\/wp-content\/uploads\/2018\/03\/2-1024x692-624x422.jpg 624w\" sizes=\"auto, (max-width: 300px) 100vw, 300px\" \/><\/a><\/p>\n<p><a href=\"http:\/\/ppg-foerderverein.de\/wp-content\/uploads\/2018\/03\/3-1004x679.jpg\"><img loading=\"lazy\" decoding=\"async\" class=\"alignnone size-medium wp-image-1583\" src=\"http:\/\/ppg-foerderverein.de\/wp-content\/uploads\/2018\/03\/3-1004x679-300x203.jpg\" alt=\"\" width=\"300\" height=\"203\" srcset=\"http:\/\/ppg-foerderverein.de\/wp-content\/uploads\/2018\/03\/3-1004x679-300x203.jpg 300w, http:\/\/ppg-foerderverein.de\/wp-content\/uploads\/2018\/03\/3-1004x679-768x519.jpg 768w, http:\/\/ppg-foerderverein.de\/wp-content\/uploads\/2018\/03\/3-1004x679-624x422.jpg 624w, http:\/\/ppg-foerderverein.de\/wp-content\/uploads\/2018\/03\/3-1004x679.jpg 1004w\" sizes=\"auto, (max-width: 300px) 100vw, 300px\" \/><\/a> <a href=\"http:\/\/ppg-foerderverein.de\/wp-content\/uploads\/2018\/03\/4-1016x696-2.jpg\"><img loading=\"lazy\" decoding=\"async\" class=\"alignnone size-medium wp-image-1584\" src=\"http:\/\/ppg-foerderverein.de\/wp-content\/uploads\/2018\/03\/4-1016x696-2-300x206.jpg\" alt=\"\" width=\"300\" height=\"206\" srcset=\"http:\/\/ppg-foerderverein.de\/wp-content\/uploads\/2018\/03\/4-1016x696-2-300x206.jpg 300w, http:\/\/ppg-foerderverein.de\/wp-content\/uploads\/2018\/03\/4-1016x696-2-768x526.jpg 768w, http:\/\/ppg-foerderverein.de\/wp-content\/uploads\/2018\/03\/4-1016x696-2-624x427.jpg 624w, http:\/\/ppg-foerderverein.de\/wp-content\/uploads\/2018\/03\/4-1016x696-2.jpg 1016w\" sizes=\"auto, (max-width: 300px) 100vw, 300px\" \/><\/a><\/p>\n<p>Sept. 1975&nbsp;&nbsp;&nbsp;&nbsp;&nbsp; Herbstwanderung in der Pfalz &#8211; Bad D\u00fcrkheim und Umgebung<\/p>\n<p>Okt. 1975&nbsp;&nbsp;&nbsp;&nbsp;&nbsp;&nbsp;&nbsp; Weinfest im Lutherhaus Sandhofen<\/p>\n<p><em>&nbsp;<a href=\"http:\/\/ppg-foerderverein.de\/wp-content\/uploads\/2018\/03\/Scan_Pic0048-736x678-2.jpg\"><img loading=\"lazy\" decoding=\"async\" class=\"alignnone size-medium wp-image-1570\" src=\"http:\/\/ppg-foerderverein.de\/wp-content\/uploads\/2018\/03\/Scan_Pic0048-736x678-2-300x225.jpg\" alt=\"\" width=\"300\" height=\"225\" srcset=\"http:\/\/ppg-foerderverein.de\/wp-content\/uploads\/2018\/03\/Scan_Pic0048-736x678-2-300x225.jpg 300w, http:\/\/ppg-foerderverein.de\/wp-content\/uploads\/2018\/03\/Scan_Pic0048-736x678-2-624x467.jpg 624w, http:\/\/ppg-foerderverein.de\/wp-content\/uploads\/2018\/03\/Scan_Pic0048-736x678-2.jpg 736w\" sizes=\"auto, (max-width: 300px) 100vw, 300px\" \/><\/a> <a href=\"http:\/\/ppg-foerderverein.de\/wp-content\/uploads\/2018\/03\/Scan_Pic0049-904x677.jpg\"><img loading=\"lazy\" decoding=\"async\" class=\"alignnone size-medium wp-image-1571\" src=\"http:\/\/ppg-foerderverein.de\/wp-content\/uploads\/2018\/03\/Scan_Pic0049-904x677-300x225.jpg\" alt=\"\" width=\"300\" height=\"225\" srcset=\"http:\/\/ppg-foerderverein.de\/wp-content\/uploads\/2018\/03\/Scan_Pic0049-904x677-300x225.jpg 300w, http:\/\/ppg-foerderverein.de\/wp-content\/uploads\/2018\/03\/Scan_Pic0049-904x677-768x575.jpg 768w, http:\/\/ppg-foerderverein.de\/wp-content\/uploads\/2018\/03\/Scan_Pic0049-904x677-624x467.jpg 624w, http:\/\/ppg-foerderverein.de\/wp-content\/uploads\/2018\/03\/Scan_Pic0049-904x677.jpg 904w\" sizes=\"auto, (max-width: 300px) 100vw, 300px\" \/><\/a><\/em><\/p>\n<p><em>Flei\u00dfige H\u00e4nde: Frau Weber (re) &nbsp;&nbsp;&nbsp;&nbsp;&nbsp;&nbsp;&nbsp;&nbsp;&nbsp;&nbsp;&nbsp;&nbsp;&nbsp;&nbsp;&nbsp;&nbsp;&nbsp;&nbsp;&nbsp;&nbsp; &nbsp; &nbsp; &nbsp; &nbsp; &nbsp;&nbsp; Frau Matzenauer, Herr Weber<\/em><\/p>\n<p>Dez. 1975&nbsp;&nbsp;&nbsp;&nbsp;&nbsp;&nbsp;&nbsp; Weihnachtsbasar mit einem Erl\u00f6s von 2.600 DM zum Aufbau einer schuleigenen Bibliothek<\/p>\n<p><a href=\"http:\/\/ppg-foerderverein.de\/wp-content\/uploads\/2018\/03\/Scan_Pic0048-969x683.jpg\"><img loading=\"lazy\" decoding=\"async\" class=\"size-medium wp-image-1573 aligncenter\" src=\"http:\/\/ppg-foerderverein.de\/wp-content\/uploads\/2018\/03\/Scan_Pic0048-969x683-300x211.jpg\" alt=\"\" width=\"300\" height=\"211\" srcset=\"http:\/\/ppg-foerderverein.de\/wp-content\/uploads\/2018\/03\/Scan_Pic0048-969x683-300x211.jpg 300w, http:\/\/ppg-foerderverein.de\/wp-content\/uploads\/2018\/03\/Scan_Pic0048-969x683-768x541.jpg 768w, http:\/\/ppg-foerderverein.de\/wp-content\/uploads\/2018\/03\/Scan_Pic0048-969x683-624x440.jpg 624w, http:\/\/ppg-foerderverein.de\/wp-content\/uploads\/2018\/03\/Scan_Pic0048-969x683.jpg 969w\" sizes=\"auto, (max-width: 300px) 100vw, 300px\" \/><\/a><\/p>\n<p>&nbsp;<\/p>\n<p><em>&nbsp;<\/em><\/p>\n<p><em>&nbsp;<\/em><\/p>\n<p><em>&nbsp;<\/em><\/p>\n<p><em>&nbsp;&nbsp;&nbsp;&nbsp;&nbsp;&nbsp;&nbsp;&nbsp;&nbsp;&nbsp;&nbsp;&nbsp;&nbsp;&nbsp;&nbsp;&nbsp;&nbsp;&nbsp;&nbsp;&nbsp;&nbsp;&nbsp;&nbsp;&nbsp;&nbsp;&nbsp;&nbsp; <\/em><\/p>\n","protected":false},"excerpt":{"rendered":"<p>Zu den mit * markierten Veranstaltungen finden Sie weitere Bilder im &#8222;Archiv Bildergalerie&#8220;. 1974 Gr\u00fcndungsjahr des F\u00f6rdervereins 22.10.1974&nbsp;&nbsp;&nbsp;&nbsp;&nbsp; Gr\u00fcndungsversammlung des F\u00f6rdervereins mit 32 Gr\u00fcndungsmitgliedern. Die Initiative kam aus dem damaligen Elternbeirat.* &nbsp; Weitere Bilder&nbsp; 1974 F\u00f6V Gr\u00fcndungsversammlung Aufruf zur Gr\u00fcndungsversammlung des F\u00f6V Einladung zur Gr\u00fcndungsversammlung des F\u00f6V Gr\u00fcndungsmitglieder des F\u00f6V (Anwesenheitsliste bei der Gr\u00fcndungsversammlung) &nbsp; [&hellip;]<\/p>\n","protected":false},"author":3,"featured_media":0,"parent":14,"menu_order":0,"comment_status":"closed","ping_status":"closed","template":"page-templates\/full-width.php","meta":{"footnotes":""},"class_list":["post-1351","page","type-page","status-publish","hentry"],"_links":{"self":[{"href":"http:\/\/ppg-foerderverein.de\/index.php?rest_route=\/wp\/v2\/pages\/1351","targetHints":{"allow":["GET"]}}],"collection":[{"href":"http:\/\/ppg-foerderverein.de\/index.php?rest_route=\/wp\/v2\/pages"}],"about":[{"href":"http:\/\/ppg-foerderverein.de\/index.php?rest_route=\/wp\/v2\/types\/page"}],"author":[{"embeddable":true,"href":"http:\/\/ppg-foerderverein.de\/index.php?rest_route=\/wp\/v2\/users\/3"}],"replies":[{"embeddable":true,"href":"http:\/\/ppg-foerderverein.de\/index.php?rest_route=%2Fwp%2Fv2%2Fcomments&post=1351"}],"version-history":[{"count":46,"href":"http:\/\/ppg-foerderverein.de\/index.php?rest_route=\/wp\/v2\/pages\/1351\/revisions"}],"predecessor-version":[{"id":3917,"href":"http:\/\/ppg-foerderverein.de\/index.php?rest_route=\/wp\/v2\/pages\/1351\/revisions\/3917"}],"up":[{"embeddable":true,"href":"http:\/\/ppg-foerderverein.de\/index.php?rest_route=\/wp\/v2\/pages\/14"}],"wp:attachment":[{"href":"http:\/\/ppg-foerderverein.de\/index.php?rest_route=%2Fwp%2Fv2%2Fmedia&parent=1351"}],"curies":[{"name":"wp","href":"https:\/\/api.w.org\/{rel}","templated":true}]}}